{"id":21901,"date":"2023-02-04T00:30:26","date_gmt":"2023-02-03T23:30:26","guid":{"rendered":"https:\/\/junge-erwachsene-mit-krebs.de\/startseite\/"},"modified":"2023-02-08T10:49:57","modified_gmt":"2023-02-08T09:49:57","slug":"startseite","status":"publish","type":"page","link":"https:\/\/te2.demo.hello-it.eu\/ls\/startseite\/","title":{"rendered":"Startseite"},"content":{"rendered":"<p>[av_revolutionslider av_uid=&#8217;av-9qzli&#8217; id=&#8217;1&#8242;]<\/p>\n<\/div><\/div><\/div><!-- close content main div --><\/div><\/div><div id='av_section_1' class='avia-section alternate_color avia-section-large avia-shadow avia-bg-style-scroll    container_wrap fullsize' style = 'background-color: #ffffff; background-image: '  ><div class='container' ><div class='template-page content  av-content-full alpha units'><div class='post-entry post-entry-type-page post-entry-21901'><div class='entry-content-wrapper clearfix'>\n<div class=\"flex_column av_one_full  flex_column_div av-zero-column-padding first  \" style='border-radius:0px; '><section class=\"av_textblock_section \"  itemscope=\"itemscope\" itemtype=\"https:\/\/schema.org\/CreativeWork\" ><div class='avia_textblock newsletter_abo_btn_area '   itemprop=\"text\" ><h2 style=\"text-align: center;\">NEWSLETTER<\/h2>\n<p style=\"text-align: center;\">Melden Sie sich hier an, um regelm\u00e4\u00dfig Informationen \u00fcber die Projekte und die Arbeit der Deutschen Stiftung f\u00fcr junge Erwachsene mit Krebs zu erhalten.<\/p>\n<div class='avia-button-wrap avia-button-center  '><a href='https:\/\/te2.demo.hello-it.eu\/newsletter\/'  class='avia-button   avia-icon_select-no avia-color-theme-color avia-size-large avia-position-center '   ><span class='avia_iconbox_title' >ABONNIEREN<\/span><\/a><\/div>\n<\/div><\/section><\/div><\/div><\/div><\/div><!-- close content main div --><\/div><\/div><div id='av_section_2' class='avia-section alternate_color avia-section-default avia-no-border-styling avia-bg-style-scroll  helpservice_area  container_wrap fullsize' style = 'background-color: #f6f6f6; background-image: '  ><div class='container' ><div class='template-page content  av-content-full alpha units'><div class='post-entry post-entry-type-page post-entry-21901'><div class='entry-content-wrapper clearfix'>\n<div class=\"flex_column av_one_full  flex_column_div av-zero-column-padding first  \" style='border-radius:0px; '><section class=\"av_textblock_section \"  itemscope=\"itemscope\" itemtype=\"https:\/\/schema.org\/CreativeWork\" ><div class='avia_textblock  '   itemprop=\"text\" ><h2><\/h2>\n<h2 style=\"text-align: center;\">JUNG &amp; KREBS<\/h2>\n<\/div><\/section><\/div><div class=\"flex_column av_one_half  flex_column_div av-zero-column-padding first   \" style='margin-top:0px; margin-bottom:50px; border-radius:0px; '><article class=\"iconbox iconbox_top main_color    icon_erste_hilfe \"  itemscope=\"itemscope\" itemtype=\"https:\/\/schema.org\/CreativeWork\" ><div class=\"iconbox_content\"><header class=\"entry-content-header\"><a href='https:\/\/junge-erwachsene-mit-krebs.de\/jung-und-krebs\/erste-hilfe\/' title='Jung &amp; Krebs - Erste Hilfe'  class=\"iconbox_icon heading-color \" aria-hidden='true' data-av_icon='\ue800' data-av_iconfont='newer_icons'  ><\/a><h3 class='iconbox_content_title '  itemprop=\"headline\"  ><a href='https:\/\/junge-erwachsene-mit-krebs.de\/jung-und-krebs\/erste-hilfe\/' title='Jung &amp; Krebs - Erste Hilfe' >Jung &amp; Krebs - Erste Hilfe<\/a><\/h3><\/header><div class='iconbox_content_container  '  itemprop=\"text\"  ><p>Praktische Tipps von und f\u00fcr junge Krebspatienten im Umgang mit der Erkrankung, unmittelbar nach der Diagnosestellung.<\/p>\n<p><a href=\"https:\/\/junge-erwachsene-mit-krebs.de\/jung-und-krebs\/erste-hilfe\/\">MEHR ERFAHREN<\/a><\/p>\n<\/div><\/div><footer class=\"entry-footer\"><\/footer><\/article><\/div><div class=\"flex_column av_one_half  flex_column_div av-zero-column-padding   \" style='margin-top:0px; margin-bottom:50px; border-radius:0px; '><article class=\"iconbox iconbox_top main_color    icon_portal \"  itemscope=\"itemscope\" itemtype=\"https:\/\/schema.org\/CreativeWork\" ><div class=\"iconbox_content\"><header class=\"entry-content-header\"><a href='https:\/\/junge-erwachsene-mit-krebs.de\/jung-und-krebs\/junges-krebsportal\/' title='Individuelle Beratung'  class=\"iconbox_icon heading-color \" aria-hidden='true' data-av_icon='\ue801' data-av_iconfont='newer_icons'  ><\/a><h3 class='iconbox_content_title '  itemprop=\"headline\"  ><a href='https:\/\/junge-erwachsene-mit-krebs.de\/jung-und-krebs\/junges-krebsportal\/' title='Individuelle Beratung' >Individuelle Beratung<\/a><\/h3><\/header><div class='iconbox_content_container  '  itemprop=\"text\"  ><p>Einzelberatung durch Experten zu Sozialrecht, Immundefekten, Ver\u00e4nderungen des Hormonhaushaltes und Integrativer Krebsmedizin.<\/p>\n<p><a href=\"https:\/\/junge-erwachsene-mit-krebs.de\/jung-und-krebs\/junges-krebsportal\/\">MEHR ERFAHREN<\/a><\/p>\n<\/div><\/div><footer class=\"entry-footer\"><\/footer><\/article><\/div><div class=\"flex_column av_one_half  flex_column_div av-zero-column-padding first   \" style='margin-top:0px; margin-bottom:0px; border-radius:0px; '><article class=\"iconbox iconbox_top main_color    icon_treffpunkte \"  itemscope=\"itemscope\" itemtype=\"https:\/\/schema.org\/CreativeWork\" ><div class=\"iconbox_content\"><header class=\"entry-content-header\"><a href='https:\/\/junge-erwachsene-mit-krebs.de\/jung-und-krebs\/treffpunkte\/' title='TREFFPUNKTE'  class=\"iconbox_icon heading-color \" aria-hidden='true' data-av_icon='\ue802' data-av_iconfont='newer_icons'  ><\/a><h3 class='iconbox_content_title '  itemprop=\"headline\"  ><a href='https:\/\/junge-erwachsene-mit-krebs.de\/jung-und-krebs\/treffpunkte\/' title='TREFFPUNKTE' >TREFFPUNKTE<\/a><\/h3><\/header><div class='iconbox_content_container  '  itemprop=\"text\"  ><p>Gemeinsame Aktivit\u00e4ten, Austausch und Vernetzung junger Krebspatienten in vielen St\u00e4dten und Regionen Deutschlands.<\/p>\n<p><a href=\"..\/jung-und-krebs\/treffpunkte\/\">MEHR ERFAHREN<\/a><\/p>\n<\/div><\/div><footer class=\"entry-footer\"><\/footer><\/article><\/div><div class=\"flex_column av_one_half  flex_column_div av-zero-column-padding   \" style='margin-top:0px; margin-bottom:0px; border-radius:0px; '><article class=\"iconbox iconbox_top main_color    icon_podcast \"  itemscope=\"itemscope\" itemtype=\"https:\/\/schema.org\/CreativeWork\" ><div class=\"iconbox_content\"><header class=\"entry-content-header\"><a href='https:\/\/te2.demo.hello-it.eu\/jung-und-krebs\/podcast-wissen-fuer-junge-betroffene\/' title='Podcast'  class=\"iconbox_icon heading-color \" aria-hidden='true' data-av_icon='\ue804' data-av_iconfont='newer_icons'  ><\/a><h3 class='iconbox_content_title '  itemprop=\"headline\"  ><a href='https:\/\/te2.demo.hello-it.eu\/jung-und-krebs\/podcast-wissen-fuer-junge-betroffene\/' title='Podcast' >Podcast<\/a><\/h3><\/header><div class='iconbox_content_container  '  itemprop=\"text\"  ><p>Im Podcasts \u201eJung &amp; Krebs \u2013 Wissen f\u00fcr junge Betroffene\u201c spricht Stiftungsbotschafterin Lea Marlen Woitack mit jungen Betroffenen \u00fcber verschiedene Themen.<\/p>\n<p><a href=\"..\/jung-und-krebs\/podcast-wissen-fuer-junge-betroffene\/\">MEHR ERFAHREN<\/a><\/p>\n<\/div><\/div><footer class=\"entry-footer\"><\/footer><\/article><\/div><div class=\"flex_column av_one_half  flex_column_div av-zero-column-padding first  \" style='border-radius:0px; '><article class=\"iconbox iconbox_top main_color    icon_wissen \"  itemscope=\"itemscope\" itemtype=\"https:\/\/schema.org\/CreativeWork\" ><div class=\"iconbox_content\"><header class=\"entry-content-header\"><a href='https:\/\/junge-erwachsene-mit-krebs.de\/wissen\/?lang=ls' title='Wissen f\u00fcr Dich'  class=\"iconbox_icon heading-color \" aria-hidden='true' data-av_icon='\ue805' data-av_iconfont='newer_icons'  ><\/a><h3 class='iconbox_content_title '  itemprop=\"headline\"  ><a href='https:\/\/junge-erwachsene-mit-krebs.de\/wissen\/?lang=ls' title='Wissen f\u00fcr Dich' >Wissen f\u00fcr Dich<\/a><\/h3><\/header><div class='iconbox_content_container  '  itemprop=\"text\"  ><p>Hier gibt es Informationen, Tipps und Hilfen zum Fruchtbarkeitserhalt, Krankenkassen &amp; Versicherungen, Finanzen &amp; Soziales u.v.m.<\/p>\n<p><a href=\"..\/wissen\/\">MEHR ERFAHREN<\/a><\/p>\n<\/div><\/div><footer class=\"entry-footer\"><\/footer><\/article><\/div><div class=\"flex_column av_one_half  flex_column_div av-zero-column-padding   \" style='border-radius:0px; '><article class=\"iconbox iconbox_top main_color    icon_angebote \"  itemscope=\"itemscope\" itemtype=\"https:\/\/schema.org\/CreativeWork\" ><div class=\"iconbox_content\"><header class=\"entry-content-header\"><a href='https:\/\/junge-erwachsene-mit-krebs.de\/jung-und-krebs\/angebote-in-deiner-naehe\/' title='Angebote in Deiner N\u00e4he'  class=\"iconbox_icon heading-color \" aria-hidden='true' data-av_icon='\ue803' data-av_iconfont='newer_icons'  ><\/a><h3 class='iconbox_content_title '  itemprop=\"headline\"  ><a href='https:\/\/junge-erwachsene-mit-krebs.de\/jung-und-krebs\/angebote-in-deiner-naehe\/' title='Angebote in Deiner N\u00e4he' >Angebote in Deiner N\u00e4he<\/a><\/h3><\/header><div class='iconbox_content_container  '  itemprop=\"text\"  ><p>Hier gibt es eine \u00dcbersichtskarte mit speziellen regionalen und bundesweiten Angeboten f\u00fcr junge Erwachsene mit Krebs.<\/p>\n<p><a href=\"https:\/\/junge-erwachsene-mit-krebs.de\/jung-und-krebs\/angebote-in-deiner-naehe\/\">MEHR ERFAHREN<\/a><\/p>\n<\/div><\/div><footer class=\"entry-footer\"><\/footer><\/article><\/div><section class=\"av_textblock_section \"  itemscope=\"itemscope\" itemtype=\"https:\/\/schema.org\/CreativeWork\" ><div class='avia_textblock more_cat_link '   itemprop=\"text\" ><p style=\"text-align: right;\"><a href=\"https:\/\/junge-erwachsene-mit-krebs.de\/jung-und-krebs\/?lang=ls\">ALLE HILFSANGEBOTE<\/a><\/p>\n<\/div><\/section>\n<\/p>\n<div class=\"flex_column av_one_full  flex_column_div av-zero-column-padding first  termine_preview_area \" style='border-radius:0px; '><section class=\"av_textblock_section \"  itemscope=\"itemscope\" itemtype=\"https:\/\/schema.org\/CreativeWork\" ><div class='avia_textblock termine_preview_area '   itemprop=\"text\" ><h2>TERMINE<\/h2>\n    <div class=\"ep_container\">\n    <\/div>\n\n<div class=\"more_cat_link\"><a href=\"https:\/\/junge-erwachsene-mit-krebs.de\/jung-krebs\/termine\">ALLE TERMINE<\/a><\/div>\n<\/div><\/section><\/div>\n<\/div><\/div><\/div><!-- close content main div --><\/div><\/div><div id='av_section_3' class='avia-section main_color avia-section-default avia-no-border-styling avia-bg-style-scroll  spenden_btn_area  container_wrap fullsize' style = 'background-color: #f6f6f6; background-image: '  ><div class='container' ><div class='template-page content  av-content-full alpha units'><div class='post-entry post-entry-type-page post-entry-21901'><div class='entry-content-wrapper clearfix'>\n<div class=\"flex_column av_one_half  flex_column_div av-zero-column-padding first  \" style='border-radius:0px; '><div class='avia-image-container  av-styling-no-styling     avia-align-center '  itemprop=\"ImageObject\" itemscope=\"itemscope\" itemtype=\"https:\/\/schema.org\/ImageObject\"  ><div class='avia-image-container-inner'><div class='avia-image-overlay-wrap'><img class='avia_image ' src='https:\/\/te2.demo.hello-it.eu\/wp-content\/uploads\/2018\/10\/testimonial.png' alt='' title='testimonial' height=\"620\"width=\"682\"  itemprop=\"thumbnailUrl\"  \/><\/div><\/div><\/div><\/div><div class=\"flex_column av_one_half  flex_column_div av-zero-column-padding   \" style='border-radius:0px; '><section class=\"av_textblock_section \"  itemscope=\"itemscope\" itemtype=\"https:\/\/schema.org\/CreativeWork\" ><div class='avia_textblock  '   itemprop=\"text\" ><h2 style=\"text-align: left;\">Spenden &amp; Helfen<\/h2>\n<p style=\"text-align: left;\">Ihre Spende erm\u00f6glicht es uns, verschiedene Hilfeangebote f\u00fcr junge Krebspatient:innen umzusetzen und zu erweitern und damit jungen Menschen mit Krebs wirkungsvoll zur Seite zu stehen.<\/p>\n<div class='avia-button-wrap avia-button-left  '><a href='https:\/\/te2.demo.hello-it.eu\/aktiv-werden\/spenden\/jetzt-spenden\/'  class='avia-button   avia-icon_select-no avia-color-custom avia-size-large avia-position-left '  style='background-color:#ff7376; border-color:#ff7376; color:#ffffff; ' ><span class='avia_iconbox_title' >SPENDEN<\/span><\/a><\/div>\n<\/div><\/section><\/div>\n\n","protected":false},"excerpt":{"rendered":"<p>[av_revolutionslider av_uid=&#8217;av-9qzli&#8217; id=&#8217;1&#8242;]<\/p>\n","protected":false},"author":1,"featured_media":0,"parent":0,"menu_order":0,"comment_status":"closed","ping_status":"closed","template":"","meta":{"_acf_changed":false,"footnotes":""},"class_list":["post-21901","page","type-page","status-publish","hentry"],"acf":[],"yoast_head":"<!-- This site is optimized with the Yoast SEO Premium plugin v18.2.1 (Yoast SEO v24.6) - https:\/\/yoast.com\/wordpress\/plugins\/seo\/ -->\n<title>Startseite - DSFJEMK<\/title>\n<meta name=\"description\" content=\"Pro Jahr erkranken etwa 16 500 junge Menschen zwischen 18 und 39 Jahren an Krebs. Die Stiftung ist Ansprechpartnerin f\u00fcr alle Fragen von Betroffenen.\" \/>\n<meta name=\"robots\" content=\"noindex, follow, max-snippet:-1, max-image-preview:large, max-video-preview:-1\" \/>\n<meta property=\"og:locale\" content=\"de_DE\" \/>\n<meta property=\"og:type\" content=\"article\" \/>\n<meta property=\"og:title\" content=\"Deutsche Stiftung f\u00fcr junge Erwachsene mit Krebs\" \/>\n<meta property=\"og:description\" content=\"Pro Jahr erkranken etwa 16 500 junge Menschen zwischen 18 und 39 Jahren an Krebs. Die Deutsche Stiftung f\u00fcr junge Erwachsene mit Krebs ist Ansprechpartnerin f\u00fcr alle Fragen von Betroffenen, Angeh\u00f6rigen, Wissenschaftlern, Unterst\u00fctzern und der \u00d6ffentlichkeit.\" \/>\n<meta property=\"og:url\" content=\"https:\/\/te2.demo.hello-it.eu\/ls\/startseite\/\" \/>\n<meta property=\"og:site_name\" content=\"DSFJEMK\" \/>\n<meta property=\"article:modified_time\" content=\"2023-02-08T09:49:57+00:00\" \/>\n<meta property=\"og:image\" content=\"https:\/\/te2.demo.hello-it.eu\/wp-content\/uploads\/2018\/10\/Startseiten-Header-2-e1540391378335.png\" \/>\n<meta name=\"twitter:card\" content=\"summary_large_image\" \/>\n<meta name=\"twitter:title\" content=\"Deutsche Stiftung f\u00fcr junge Erwachsene mit Krebs\" \/>\n<meta name=\"twitter:description\" content=\"Pro Jahr erkranken etwa 16 500 junge Menschen zwischen 18 und 39 Jahren an Krebs. Die Deutsche Stiftung f\u00fcr junge Erwachsene mit Krebs ist Ansprechpartnerin f\u00fcr alle Fragen von Betroffenen, Angeh\u00f6rigen, Wissenschaftlern, Unterst\u00fctzern und der \u00d6ffentlichkeit.\" \/>\n<meta name=\"twitter:label1\" content=\"Est. reading time\" \/>\n\t<meta name=\"twitter:data1\" content=\"6 minutes\" \/>\n<script type=\"application\/ld+json\" class=\"yoast-schema-graph\">{\"@context\":\"https:\/\/schema.org\",\"@graph\":[{\"@type\":\"WebPage\",\"@id\":\"https:\/\/te2.demo.hello-it.eu\/ls\/startseite\/\",\"url\":\"https:\/\/te2.demo.hello-it.eu\/ls\/startseite\/\",\"name\":\"Startseite - DSFJEMK\",\"isPartOf\":{\"@id\":\"https:\/\/te2.demo.hello-it.eu\/#website\"},\"datePublished\":\"2023-02-03T23:30:26+00:00\",\"dateModified\":\"2023-02-08T09:49:57+00:00\",\"description\":\"Pro Jahr erkranken etwa 16 500 junge Menschen zwischen 18 und 39 Jahren an Krebs. Die Stiftung ist Ansprechpartnerin f\u00fcr alle Fragen von Betroffenen.\",\"breadcrumb\":{\"@id\":\"https:\/\/te2.demo.hello-it.eu\/ls\/startseite\/#breadcrumb\"},\"inLanguage\":\"de-LS\",\"potentialAction\":[{\"@type\":\"ReadAction\",\"target\":[\"https:\/\/te2.demo.hello-it.eu\/ls\/startseite\/\"]}]},{\"@type\":\"BreadcrumbList\",\"@id\":\"https:\/\/te2.demo.hello-it.eu\/ls\/startseite\/#breadcrumb\",\"itemListElement\":[{\"@type\":\"ListItem\",\"position\":1,\"name\":\"Startseite\",\"item\":\"https:\/\/te2.demo.hello-it.eu\/\"},{\"@type\":\"ListItem\",\"position\":2,\"name\":\"Startseite\"}]},{\"@type\":\"WebSite\",\"@id\":\"https:\/\/te2.demo.hello-it.eu\/#website\",\"url\":\"https:\/\/te2.demo.hello-it.eu\/\",\"name\":\"DSFJEMK\",\"description\":\"Deutsche Stiftung f\u00fcr junge Erwachsene mit Krebs\",\"publisher\":{\"@id\":\"https:\/\/te2.demo.hello-it.eu\/#organization\"},\"potentialAction\":[{\"@type\":\"SearchAction\",\"target\":{\"@type\":\"EntryPoint\",\"urlTemplate\":\"https:\/\/te2.demo.hello-it.eu\/?s={search_term_string}\"},\"query-input\":{\"@type\":\"PropertyValueSpecification\",\"valueRequired\":true,\"valueName\":\"search_term_string\"}}],\"inLanguage\":\"de-LS\"},{\"@type\":\"Organization\",\"@id\":\"https:\/\/te2.demo.hello-it.eu\/#organization\",\"name\":\"Deutsche Stiftung f\u00fcr junge Erwachsene mit Krebs\",\"url\":\"https:\/\/te2.demo.hello-it.eu\/\",\"logo\":{\"@type\":\"ImageObject\",\"inLanguage\":\"de-LS\",\"@id\":\"https:\/\/te2.demo.hello-it.eu\/#\/schema\/logo\/image\/\",\"url\":\"https:\/\/te2.demo.hello-it.eu\/wp-content\/uploads\/2018\/09\/Logo_DSfjEmK-2018.jpg\",\"contentUrl\":\"https:\/\/te2.demo.hello-it.eu\/wp-content\/uploads\/2018\/09\/Logo_DSfjEmK-2018.jpg\",\"width\":1000,\"height\":1000,\"caption\":\"Deutsche Stiftung f\u00fcr junge Erwachsene mit Krebs\"},\"image\":{\"@id\":\"https:\/\/te2.demo.hello-it.eu\/#\/schema\/logo\/image\/\"}}]}<\/script>\n<!-- \/ Yoast SEO Premium plugin. -->","yoast_head_json":{"title":"Startseite - DSFJEMK","description":"Pro Jahr erkranken etwa 16 500 junge Menschen zwischen 18 und 39 Jahren an Krebs. Die Stiftung ist Ansprechpartnerin f\u00fcr alle Fragen von Betroffenen.","robots":{"index":"noindex","follow":"follow","max-snippet":"max-snippet:-1","max-image-preview":"max-image-preview:large","max-video-preview":"max-video-preview:-1"},"og_locale":"de_DE","og_type":"article","og_title":"Deutsche Stiftung f\u00fcr junge Erwachsene mit Krebs","og_description":"Pro Jahr erkranken etwa 16 500 junge Menschen zwischen 18 und 39 Jahren an Krebs. Die Deutsche Stiftung f\u00fcr junge Erwachsene mit Krebs ist Ansprechpartnerin f\u00fcr alle Fragen von Betroffenen, Angeh\u00f6rigen, Wissenschaftlern, Unterst\u00fctzern und der \u00d6ffentlichkeit.","og_url":"https:\/\/te2.demo.hello-it.eu\/ls\/startseite\/","og_site_name":"DSFJEMK","article_modified_time":"2023-02-08T09:49:57+00:00","og_image":[{"url":"https:\/\/te2.demo.hello-it.eu\/wp-content\/uploads\/2018\/10\/Startseiten-Header-2-e1540391378335.png","type":"","width":"","height":""}],"twitter_card":"summary_large_image","twitter_title":"Deutsche Stiftung f\u00fcr junge Erwachsene mit Krebs","twitter_description":"Pro Jahr erkranken etwa 16 500 junge Menschen zwischen 18 und 39 Jahren an Krebs. Die Deutsche Stiftung f\u00fcr junge Erwachsene mit Krebs ist Ansprechpartnerin f\u00fcr alle Fragen von Betroffenen, Angeh\u00f6rigen, Wissenschaftlern, Unterst\u00fctzern und der \u00d6ffentlichkeit.","twitter_misc":{"Est. reading time":"6 minutes"},"schema":{"@context":"https:\/\/schema.org","@graph":[{"@type":"WebPage","@id":"https:\/\/te2.demo.hello-it.eu\/ls\/startseite\/","url":"https:\/\/te2.demo.hello-it.eu\/ls\/startseite\/","name":"Startseite - DSFJEMK","isPartOf":{"@id":"https:\/\/te2.demo.hello-it.eu\/#website"},"datePublished":"2023-02-03T23:30:26+00:00","dateModified":"2023-02-08T09:49:57+00:00","description":"Pro Jahr erkranken etwa 16 500 junge Menschen zwischen 18 und 39 Jahren an Krebs. Die Stiftung ist Ansprechpartnerin f\u00fcr alle Fragen von Betroffenen.","breadcrumb":{"@id":"https:\/\/te2.demo.hello-it.eu\/ls\/startseite\/#breadcrumb"},"inLanguage":"de-LS","potentialAction":[{"@type":"ReadAction","target":["https:\/\/te2.demo.hello-it.eu\/ls\/startseite\/"]}]},{"@type":"BreadcrumbList","@id":"https:\/\/te2.demo.hello-it.eu\/ls\/startseite\/#breadcrumb","itemListElement":[{"@type":"ListItem","position":1,"name":"Startseite","item":"https:\/\/te2.demo.hello-it.eu\/"},{"@type":"ListItem","position":2,"name":"Startseite"}]},{"@type":"WebSite","@id":"https:\/\/te2.demo.hello-it.eu\/#website","url":"https:\/\/te2.demo.hello-it.eu\/","name":"DSFJEMK","description":"Deutsche Stiftung f\u00fcr junge Erwachsene mit Krebs","publisher":{"@id":"https:\/\/te2.demo.hello-it.eu\/#organization"},"potentialAction":[{"@type":"SearchAction","target":{"@type":"EntryPoint","urlTemplate":"https:\/\/te2.demo.hello-it.eu\/?s={search_term_string}"},"query-input":{"@type":"PropertyValueSpecification","valueRequired":true,"valueName":"search_term_string"}}],"inLanguage":"de-LS"},{"@type":"Organization","@id":"https:\/\/te2.demo.hello-it.eu\/#organization","name":"Deutsche Stiftung f\u00fcr junge Erwachsene mit Krebs","url":"https:\/\/te2.demo.hello-it.eu\/","logo":{"@type":"ImageObject","inLanguage":"de-LS","@id":"https:\/\/te2.demo.hello-it.eu\/#\/schema\/logo\/image\/","url":"https:\/\/te2.demo.hello-it.eu\/wp-content\/uploads\/2018\/09\/Logo_DSfjEmK-2018.jpg","contentUrl":"https:\/\/te2.demo.hello-it.eu\/wp-content\/uploads\/2018\/09\/Logo_DSfjEmK-2018.jpg","width":1000,"height":1000,"caption":"Deutsche Stiftung f\u00fcr junge Erwachsene mit Krebs"},"image":{"@id":"https:\/\/te2.demo.hello-it.eu\/#\/schema\/logo\/image\/"}}]}},"_links":{"self":[{"href":"https:\/\/te2.demo.hello-it.eu\/ls\/wp-json\/wp\/v2\/pages\/21901","targetHints":{"allow":["GET"]}}],"collection":[{"href":"https:\/\/te2.demo.hello-it.eu\/ls\/wp-json\/wp\/v2\/pages"}],"about":[{"href":"https:\/\/te2.demo.hello-it.eu\/ls\/wp-json\/wp\/v2\/types\/page"}],"author":[{"embeddable":true,"href":"https:\/\/te2.demo.hello-it.eu\/ls\/wp-json\/wp\/v2\/users\/1"}],"replies":[{"embeddable":true,"href":"https:\/\/te2.demo.hello-it.eu\/ls\/wp-json\/wp\/v2\/comments?post=21901"}],"version-history":[{"count":7,"href":"https:\/\/te2.demo.hello-it.eu\/ls\/wp-json\/wp\/v2\/pages\/21901\/revisions"}],"predecessor-version":[{"id":21923,"href":"https:\/\/te2.demo.hello-it.eu\/ls\/wp-json\/wp\/v2\/pages\/21901\/revisions\/21923"}],"wp:attachment":[{"href":"https:\/\/te2.demo.hello-it.eu\/ls\/wp-json\/wp\/v2\/media?parent=21901"}],"curies":[{"name":"wp","href":"https:\/\/api.w.org\/{rel}","templated":true}]}}