{"id":21863,"date":"2018-08-08T15:25:20","date_gmt":"2018-08-08T13:25:20","guid":{"rendered":"https:\/\/junge-erwachsene-mit-krebs.de\/ueber-uns\/"},"modified":"2023-07-26T15:23:41","modified_gmt":"2023-07-26T13:23:41","slug":"ueber-uns","status":"publish","type":"page","link":"https:\/\/te2.demo.hello-it.eu\/ls\/ueber-uns\/","title":{"rendered":"\u00dcber uns"},"content":{"rendered":"<section class=\"av_textblock_section \"  itemscope=\"itemscope\" itemtype=\"https:\/\/schema.org\/CreativeWork\" ><div class='avia_textblock  '   itemprop=\"text\" ><h2 style=\"text-align: center;\">\u00dcber uns<\/h2>\n<\/div><\/section>\n<section class=\"av_textblock_section \"  itemscope=\"itemscope\" itemtype=\"https:\/\/schema.org\/CreativeWork\" ><div class='avia_textblock  '   itemprop=\"text\" ><p>Die <strong>Deutsche Stiftung f\u00fcr junge Erwachsene mit Krebs<\/strong> wurde am 14. Juli 2014 von der <strong><a href=\"https:\/\/www.dgho.de\/\" target=\"_blank\" rel=\"noopener\">DGHO Deutsche Gesellschaft f\u00fcr H\u00e4matologie und Medizinische Onkologie e. V.<\/a><\/strong> gegr\u00fcndet. Sie soll die Erforschung von Krebs bei jungen Erwachsenen f\u00f6rdern und dazu beitragen, Behandlung Heilungschancen, Lebensqualit\u00e4t und Zukunftsperspektiven der Patient:innen zu verbessern.<\/p>\n<\/div><\/section>\n<\/div><\/div><\/div><!-- close content main div --><\/div><\/div><div id='av_section_1' class='avia-section main_color avia-section-default avia-no-border-styling avia-bg-style-scroll    container_wrap fullsize' style = 'background-color: #f6f6f6; background-image: '  ><div class='container' ><div class='template-page content  av-content-full alpha units'><div class='post-entry post-entry-type-page post-entry-21863'><div class='entry-content-wrapper clearfix'>\n<div class=\"flex_column av_one_half  flex_column_div av-zero-column-padding first  \" style='border-radius:0px; '><article class=\"iconbox iconbox_top main_color    no_symbol \"  itemscope=\"itemscope\" itemtype=\"https:\/\/schema.org\/CreativeWork\" ><div class=\"iconbox_content\"><header class=\"entry-content-header\"><div class=\"iconbox_icon heading-color \" aria-hidden='true' data-av_icon='\ue854' data-av_iconfont='entypo-fontello'  ><\/div><h3 class='iconbox_content_title '  itemprop=\"headline\"  ><a href='https:\/\/junge-erwachsene-mit-krebs.de\/ueber-uns\/motivation-und-ziele\/' title='Motivation &amp; Ziele'  >Motivation &amp; Ziele<\/a><\/h3><\/header><div class='iconbox_content_container  '  itemprop=\"text\"  ><p>Lesen Sie hier alles \u00fcber die Initiative zur Gr\u00fcndung unserer Stiftung und \u00fcber die Ziele unserer Arbeit.<\/p>\n<p><a href=\"https:\/\/junge-erwachsene-mit-krebs.de\/ueber-uns\/motivation-und-ziele\/\" rel=\"noopener\">MEHR ERFAHREN<\/a><\/p>\n<\/div><\/div><footer class=\"entry-footer\"><\/footer><\/article><\/div><div class=\"flex_column av_one_half  flex_column_div av-zero-column-padding   \" style='border-radius:0px; '><article class=\"iconbox iconbox_top main_color    no_symbol \"  itemscope=\"itemscope\" itemtype=\"https:\/\/schema.org\/CreativeWork\" ><div class=\"iconbox_content\"><header class=\"entry-content-header\"><div class=\"iconbox_icon heading-color \" aria-hidden='true' data-av_icon='\ue854' data-av_iconfont='entypo-fontello'  ><\/div><h3 class='iconbox_content_title '  itemprop=\"headline\"  ><a href='https:\/\/junge-erwachsene-mit-krebs.de\/ueber-uns\/karriere\/' title='Karriere'  >Karriere<\/a><\/h3><\/header><div class='iconbox_content_container  '  itemprop=\"text\"  ><p>Hier finden Sie die aktuellen Stellenausschreibungen der Deutschen Stiftung f\u00fcr junge Erwachsene mit Krebs.<\/p>\n<p><a href=\"https:\/\/junge-erwachsene-mit-krebs.de\/ueber-uns\/karriere\/\" rel=\"noopener\">MEHR ERFAHREN<\/a><\/p>\n<\/div><\/div><footer class=\"entry-footer\"><\/footer><\/article><\/div><div class=\"flex_column av_one_half  flex_column_div av-zero-column-padding first  \" style='border-radius:0px; '><article class=\"iconbox iconbox_top main_color    no_symbol \"  itemscope=\"itemscope\" itemtype=\"https:\/\/schema.org\/CreativeWork\" ><div class=\"iconbox_content\"><header class=\"entry-content-header\"><div class=\"iconbox_icon heading-color \" aria-hidden='true' data-av_icon='\ue854' data-av_iconfont='entypo-fontello'  ><\/div><h3 class='iconbox_content_title '  itemprop=\"headline\"  ><a href='https:\/\/junge-erwachsene-mit-krebs.de\/ueber-uns\/geschaeftsstelle\/' title='Gesch\u00e4ftsstelle'  >Gesch\u00e4ftsstelle<\/a><\/h3><\/header><div class='iconbox_content_container  '  itemprop=\"text\"  ><p>Hier finden Sie die Kontaktinformationen der Mitarbeiter:innen der Deutschen Stiftung f\u00fcr junge Erwachsene mit Krebs.<\/p>\n<p><a href=\"https:\/\/junge-erwachsene-mit-krebs.de\/ueber-uns\/geschaeftsstelle\/\" rel=\"noopener\">MEHR ERFAHREN<\/a><\/p>\n<\/div><\/div><footer class=\"entry-footer\"><\/footer><\/article><\/div><div class=\"flex_column av_one_half  flex_column_div av-zero-column-padding   \" style='border-radius:0px; '><article class=\"iconbox iconbox_top main_color    no_symbol \"  itemscope=\"itemscope\" itemtype=\"https:\/\/schema.org\/CreativeWork\" ><div class=\"iconbox_content\"><header class=\"entry-content-header\"><div class=\"iconbox_icon heading-color \" aria-hidden='true' data-av_icon='\ue854' data-av_iconfont='entypo-fontello'  ><\/div><h3 class='iconbox_content_title '  itemprop=\"headline\"  ><a href='https:\/\/junge-erwachsene-mit-krebs.de\/ueber-uns\/botschafterin\/' title='Botschafterin'  >Botschafterin<\/a><\/h3><\/header><div class='iconbox_content_container  '  itemprop=\"text\"  ><p>Lesen Sie hier alles \u00fcber die Motivation unserer Botschafterin Lea Marlen Woitack.<\/p>\n<p><a href=\"https:\/\/junge-erwachsene-mit-krebs.de\/ueber-uns\/botschafterin\/\" rel=\"noopener\">MEHR ERFAHREN<\/a><\/p>\n<\/div><\/div><footer class=\"entry-footer\"><\/footer><\/article><\/div><div class=\"flex_column av_one_half  flex_column_div av-zero-column-padding first  \" style='border-radius:0px; '><article class=\"iconbox iconbox_top main_color    no_symbol \"  itemscope=\"itemscope\" itemtype=\"https:\/\/schema.org\/CreativeWork\" ><div class=\"iconbox_content\"><header class=\"entry-content-header\"><div class=\"iconbox_icon heading-color \" aria-hidden='true' data-av_icon='\ue854' data-av_iconfont='entypo-fontello'  ><\/div><h3 class='iconbox_content_title '  itemprop=\"headline\"  ><a href='https:\/\/junge-erwachsene-mit-krebs.de\/ueber-uns\/gremien\/' title='Gremien'  >Gremien<\/a><\/h3><\/header><div class='iconbox_content_container  '  itemprop=\"text\"  ><p>Hier finden Sie eine \u00dcbersicht der Entscheidungsgremien der Deutschen Stiftung f\u00fcr junge Erwachsene mit Krebs.<\/p>\n<p><a href=\"https:\/\/junge-erwachsene-mit-krebs.de\/ueber-uns\/gremien\/\" rel=\"noopener\">MEHR ERFAHREN<\/a><\/p>\n<\/div><\/div><footer class=\"entry-footer\"><\/footer><\/article><\/div><div class=\"flex_column av_one_half  flex_column_div av-zero-column-padding   \" style='border-radius:0px; '><article class=\"iconbox iconbox_top main_color    no_symbol \"  itemscope=\"itemscope\" itemtype=\"https:\/\/schema.org\/CreativeWork\" ><div class=\"iconbox_content\"><header class=\"entry-content-header\"><div class=\"iconbox_icon heading-color \" aria-hidden='true' data-av_icon='\ue854' data-av_iconfont='entypo-fontello'  ><\/div><h3 class='iconbox_content_title '  itemprop=\"headline\"  ><a href='https:\/\/junge-erwachsene-mit-krebs.de\/ueber-uns\/satzung\/' title='Satzung'  >Satzung<\/a><\/h3><\/header><div class='iconbox_content_container  '  itemprop=\"text\"  ><p>Informieren Sie sich \u00fcber die Struktur der Deutschen Stiftung f\u00fcr junge Erwachsene mit Krebs.<\/p>\n<p><a href=\"https:\/\/junge-erwachsene-mit-krebs.de\/ueber-uns\/satzung\/\" rel=\"noopener\">MEHR ERFAHREN<\/a><\/p>\n<\/div><\/div><footer class=\"entry-footer\"><\/footer><\/article><\/div><div class=\"flex_column av_one_half  flex_column_div av-zero-column-padding first  \" style='border-radius:0px; '><article class=\"iconbox iconbox_top main_color    no_symbol \"  itemscope=\"itemscope\" itemtype=\"https:\/\/schema.org\/CreativeWork\" ><div class=\"iconbox_content\"><header class=\"entry-content-header\"><div class=\"iconbox_icon heading-color \" aria-hidden='true' data-av_icon='\ue854' data-av_iconfont='entypo-fontello'  ><\/div><h3 class='iconbox_content_title '  itemprop=\"headline\"  ><a href='https:\/\/junge-erwachsene-mit-krebs.de\/ueber-uns\/mitgliedschaften\/' title='Mitgliedschaften'  >Mitgliedschaften<\/a><\/h3><\/header><div class='iconbox_content_container  '  itemprop=\"text\"  ><p>Informieren Sie sich \u00fcber die Mitgliedschaften der Deutschen Stiftung f\u00fcr junge Erwachsene mit Krebs.<\/p>\n<p><a href=\"https:\/\/junge-erwachsene-mit-krebs.de\/ueber-uns\/mitgliedschaften\/\" rel=\"noopener\">MEHR ERFAHREN<\/a><\/p>\n<\/div><\/div><footer class=\"entry-footer\"><\/footer><\/article><\/div>\n","protected":false},"excerpt":{"rendered":"","protected":false},"author":1,"featured_media":0,"parent":0,"menu_order":0,"comment_status":"closed","ping_status":"closed","template":"template-uebersicht.php","meta":{"_acf_changed":false,"footnotes":""},"class_list":["post-21863","page","type-page","status-publish","hentry"],"acf":[],"yoast_head":"<!-- This site is optimized with the Yoast SEO Premium plugin v18.2.1 (Yoast SEO v24.6) - https:\/\/yoast.com\/wordpress\/plugins\/seo\/ -->\n<title>\u00dcber uns - DSFJEMK<\/title>\n<meta name=\"description\" content=\"Die Deutsche Stiftung f\u00fcr junge Erwachsene mit Krebs wurde am 14.07.2014 gegr\u00fcndet mit dem Ziel der Erforschung von Krebs und neuer Zukunftchancen.\" \/>\n<meta name=\"robots\" content=\"noindex, follow, max-snippet:-1, max-image-preview:large, max-video-preview:-1\" \/>\n<meta property=\"og:locale\" content=\"de_DE\" \/>\n<meta property=\"og:type\" content=\"article\" \/>\n<meta property=\"og:title\" content=\"\u00dcber uns\" \/>\n<meta property=\"og:description\" content=\"Die Deutsche Stiftung f\u00fcr junge Erwachsene mit Krebs wurde am 14.07.2014 gegr\u00fcndet mit dem Ziel der Erforschung von Krebs und neuer Zukunftchancen.\" \/>\n<meta property=\"og:url\" content=\"https:\/\/te2.demo.hello-it.eu\/ueber-uns\/\" \/>\n<meta property=\"og:site_name\" content=\"DSFJEMK\" \/>\n<meta property=\"article:modified_time\" content=\"2023-07-26T13:23:41+00:00\" \/>\n<meta name=\"twitter:card\" content=\"summary_large_image\" \/>\n<meta name=\"twitter:label1\" content=\"Est. reading time\" \/>\n\t<meta name=\"twitter:data1\" content=\"7 minutes\" \/>\n<script type=\"application\/ld+json\" class=\"yoast-schema-graph\">{\"@context\":\"https:\/\/schema.org\",\"@graph\":[{\"@type\":\"WebPage\",\"@id\":\"https:\/\/te2.demo.hello-it.eu\/ueber-uns\/\",\"url\":\"https:\/\/te2.demo.hello-it.eu\/ueber-uns\/\",\"name\":\"\u00dcber uns - DSFJEMK\",\"isPartOf\":{\"@id\":\"https:\/\/te2.demo.hello-it.eu\/#website\"},\"datePublished\":\"2018-08-08T13:25:20+00:00\",\"dateModified\":\"2023-07-26T13:23:41+00:00\",\"description\":\"Die Deutsche Stiftung f\u00fcr junge Erwachsene mit Krebs wurde am 14.07.2014 gegr\u00fcndet mit dem Ziel der Erforschung von Krebs und neuer Zukunftchancen.\",\"breadcrumb\":{\"@id\":\"https:\/\/te2.demo.hello-it.eu\/ueber-uns\/#breadcrumb\"},\"inLanguage\":\"de-LS\",\"potentialAction\":[{\"@type\":\"ReadAction\",\"target\":[\"https:\/\/te2.demo.hello-it.eu\/ueber-uns\/\"]}]},{\"@type\":\"BreadcrumbList\",\"@id\":\"https:\/\/te2.demo.hello-it.eu\/ueber-uns\/#breadcrumb\",\"itemListElement\":[{\"@type\":\"ListItem\",\"position\":1,\"name\":\"Startseite\",\"item\":\"https:\/\/te2.demo.hello-it.eu\/\"},{\"@type\":\"ListItem\",\"position\":2,\"name\":\"\u00dcber uns\"}]},{\"@type\":\"WebSite\",\"@id\":\"https:\/\/te2.demo.hello-it.eu\/#website\",\"url\":\"https:\/\/te2.demo.hello-it.eu\/\",\"name\":\"DSFJEMK\",\"description\":\"Deutsche Stiftung f\u00fcr junge Erwachsene mit Krebs\",\"publisher\":{\"@id\":\"https:\/\/te2.demo.hello-it.eu\/#organization\"},\"potentialAction\":[{\"@type\":\"SearchAction\",\"target\":{\"@type\":\"EntryPoint\",\"urlTemplate\":\"https:\/\/te2.demo.hello-it.eu\/?s={search_term_string}\"},\"query-input\":{\"@type\":\"PropertyValueSpecification\",\"valueRequired\":true,\"valueName\":\"search_term_string\"}}],\"inLanguage\":\"de-LS\"},{\"@type\":\"Organization\",\"@id\":\"https:\/\/te2.demo.hello-it.eu\/#organization\",\"name\":\"Deutsche Stiftung f\u00fcr junge Erwachsene mit Krebs\",\"url\":\"https:\/\/te2.demo.hello-it.eu\/\",\"logo\":{\"@type\":\"ImageObject\",\"inLanguage\":\"de-LS\",\"@id\":\"https:\/\/te2.demo.hello-it.eu\/#\/schema\/logo\/image\/\",\"url\":\"https:\/\/te2.demo.hello-it.eu\/wp-content\/uploads\/2018\/09\/Logo_DSfjEmK-2018.jpg\",\"contentUrl\":\"https:\/\/te2.demo.hello-it.eu\/wp-content\/uploads\/2018\/09\/Logo_DSfjEmK-2018.jpg\",\"width\":1000,\"height\":1000,\"caption\":\"Deutsche Stiftung f\u00fcr junge Erwachsene mit Krebs\"},\"image\":{\"@id\":\"https:\/\/te2.demo.hello-it.eu\/#\/schema\/logo\/image\/\"}}]}<\/script>\n<!-- \/ Yoast SEO Premium plugin. -->","yoast_head_json":{"title":"\u00dcber uns - DSFJEMK","description":"Die Deutsche Stiftung f\u00fcr junge Erwachsene mit Krebs wurde am 14.07.2014 gegr\u00fcndet mit dem Ziel der Erforschung von Krebs und neuer Zukunftchancen.","robots":{"index":"noindex","follow":"follow","max-snippet":"max-snippet:-1","max-image-preview":"max-image-preview:large","max-video-preview":"max-video-preview:-1"},"og_locale":"de_DE","og_type":"article","og_title":"\u00dcber uns","og_description":"Die Deutsche Stiftung f\u00fcr junge Erwachsene mit Krebs wurde am 14.07.2014 gegr\u00fcndet mit dem Ziel der Erforschung von Krebs und neuer Zukunftchancen.","og_url":"https:\/\/te2.demo.hello-it.eu\/ueber-uns\/","og_site_name":"DSFJEMK","article_modified_time":"2023-07-26T13:23:41+00:00","twitter_card":"summary_large_image","twitter_misc":{"Est. reading time":"7 minutes"},"schema":{"@context":"https:\/\/schema.org","@graph":[{"@type":"WebPage","@id":"https:\/\/te2.demo.hello-it.eu\/ueber-uns\/","url":"https:\/\/te2.demo.hello-it.eu\/ueber-uns\/","name":"\u00dcber uns - DSFJEMK","isPartOf":{"@id":"https:\/\/te2.demo.hello-it.eu\/#website"},"datePublished":"2018-08-08T13:25:20+00:00","dateModified":"2023-07-26T13:23:41+00:00","description":"Die Deutsche Stiftung f\u00fcr junge Erwachsene mit Krebs wurde am 14.07.2014 gegr\u00fcndet mit dem Ziel der Erforschung von Krebs und neuer Zukunftchancen.","breadcrumb":{"@id":"https:\/\/te2.demo.hello-it.eu\/ueber-uns\/#breadcrumb"},"inLanguage":"de-LS","potentialAction":[{"@type":"ReadAction","target":["https:\/\/te2.demo.hello-it.eu\/ueber-uns\/"]}]},{"@type":"BreadcrumbList","@id":"https:\/\/te2.demo.hello-it.eu\/ueber-uns\/#breadcrumb","itemListElement":[{"@type":"ListItem","position":1,"name":"Startseite","item":"https:\/\/te2.demo.hello-it.eu\/"},{"@type":"ListItem","position":2,"name":"\u00dcber uns"}]},{"@type":"WebSite","@id":"https:\/\/te2.demo.hello-it.eu\/#website","url":"https:\/\/te2.demo.hello-it.eu\/","name":"DSFJEMK","description":"Deutsche Stiftung f\u00fcr junge Erwachsene mit Krebs","publisher":{"@id":"https:\/\/te2.demo.hello-it.eu\/#organization"},"potentialAction":[{"@type":"SearchAction","target":{"@type":"EntryPoint","urlTemplate":"https:\/\/te2.demo.hello-it.eu\/?s={search_term_string}"},"query-input":{"@type":"PropertyValueSpecification","valueRequired":true,"valueName":"search_term_string"}}],"inLanguage":"de-LS"},{"@type":"Organization","@id":"https:\/\/te2.demo.hello-it.eu\/#organization","name":"Deutsche Stiftung f\u00fcr junge Erwachsene mit Krebs","url":"https:\/\/te2.demo.hello-it.eu\/","logo":{"@type":"ImageObject","inLanguage":"de-LS","@id":"https:\/\/te2.demo.hello-it.eu\/#\/schema\/logo\/image\/","url":"https:\/\/te2.demo.hello-it.eu\/wp-content\/uploads\/2018\/09\/Logo_DSfjEmK-2018.jpg","contentUrl":"https:\/\/te2.demo.hello-it.eu\/wp-content\/uploads\/2018\/09\/Logo_DSfjEmK-2018.jpg","width":1000,"height":1000,"caption":"Deutsche Stiftung f\u00fcr junge Erwachsene mit Krebs"},"image":{"@id":"https:\/\/te2.demo.hello-it.eu\/#\/schema\/logo\/image\/"}}]}},"_links":{"self":[{"href":"https:\/\/te2.demo.hello-it.eu\/ls\/wp-json\/wp\/v2\/pages\/21863","targetHints":{"allow":["GET"]}}],"collection":[{"href":"https:\/\/te2.demo.hello-it.eu\/ls\/wp-json\/wp\/v2\/pages"}],"about":[{"href":"https:\/\/te2.demo.hello-it.eu\/ls\/wp-json\/wp\/v2\/types\/page"}],"author":[{"embeddable":true,"href":"https:\/\/te2.demo.hello-it.eu\/ls\/wp-json\/wp\/v2\/users\/1"}],"replies":[{"embeddable":true,"href":"https:\/\/te2.demo.hello-it.eu\/ls\/wp-json\/wp\/v2\/comments?post=21863"}],"version-history":[{"count":1,"href":"https:\/\/te2.demo.hello-it.eu\/ls\/wp-json\/wp\/v2\/pages\/21863\/revisions"}],"predecessor-version":[{"id":23508,"href":"https:\/\/te2.demo.hello-it.eu\/ls\/wp-json\/wp\/v2\/pages\/21863\/revisions\/23508"}],"wp:attachment":[{"href":"https:\/\/te2.demo.hello-it.eu\/ls\/wp-json\/wp\/v2\/media?parent=21863"}],"curies":[{"name":"wp","href":"https:\/\/api.w.org\/{rel}","templated":true}]}}