{"id":21860,"date":"2018-07-30T20:55:40","date_gmt":"2018-07-30T18:55:40","guid":{"rendered":"https:\/\/junge-erwachsene-mit-krebs.de\/aktiv-werden\/"},"modified":"2025-01-07T15:16:17","modified_gmt":"2025-01-07T14:16:17","slug":"aktiv-werden","status":"publish","type":"page","link":"https:\/\/te2.demo.hello-it.eu\/ls\/aktiv-werden\/","title":{"rendered":"Aktiv werden"},"content":{"rendered":"<section class=\"av_textblock_section \"  itemscope=\"itemscope\" itemtype=\"https:\/\/schema.org\/CreativeWork\" ><div class='avia_textblock  '   itemprop=\"text\" ><h2 style=\"text-align: center;\">Aktiv werden<\/h2>\n<p>Die Arbeit der <strong>Deutschen Stiftung f\u00fcr junge Erwachsene mit Krebs<\/strong> lebt vom aktiven ehrenamtlichen Engagement junger Betroffener, Angeh\u00f6riger sowie von Fachpersonal und weiterer Mitwirkender. Nur dank der finanziellen Unterst\u00fctzung unserer treuen Spender:innen (Privatpersonen, Unternehmen) und f\u00f6rdernder Personen und Institutionen ist die Arbeit der Stiftung m\u00f6glich.<\/p>\n<p>Gemeinsam erm\u00f6glichen sie es, dass sich das Team der Stiftung jeden Tag mit voller Kraft der Begleitung und Beratung von jungen Erwachsenen mit Krebs, der Vertretung ihrer Interessen und der F\u00f6rderung von Wissenschaft und Forschung im Bereich \u201eJung &amp; Krebs\u201c widmen kann.<\/p>\n<p>Seien Sie dabei und unterst\u00fctzen auch Sie uns als Privatperson oder Unternehmen mit einer Spende, Ihrem ehrenamtlichen Engagement und\/oder einer Mitgliedschaft in unserem FREUNDESKREIS.<\/p>\n<\/div><\/section>\n<\/div><\/div><\/div><!-- close content main div --><\/div><\/div><div id='av_section_1' class='avia-section main_color avia-section-default avia-no-border-styling avia-bg-style-scroll    container_wrap fullsize' style = 'background-color: #f6f6f6; background-image: '  ><div class='container' ><div class='template-page content  av-content-full alpha units'><div class='post-entry post-entry-type-page post-entry-21860'><div class='entry-content-wrapper clearfix'>\n<div class=\"flex_column av_one_half  flex_column_div av-zero-column-padding first  \" style='border-radius:0px; '><article class=\"iconbox iconbox_top main_color    no_symbol \"  itemscope=\"itemscope\" itemtype=\"https:\/\/schema.org\/CreativeWork\" ><div class=\"iconbox_content\"><header class=\"entry-content-header\"><div class=\"iconbox_icon heading-color \" aria-hidden='true' data-av_icon='\ue854' data-av_iconfont='entypo-fontello'  ><\/div><h3 class='iconbox_content_title '  itemprop=\"headline\"  ><a href='https:\/\/junge-erwachsene-mit-krebs.de\/aktiv-werden\/spenden\/' title='SPENDEN Sie als Privatperson'  >SPENDEN Sie als Privatperson<\/a><\/h3><\/header><div class='iconbox_content_container  '  itemprop=\"text\"  ><p>Sie k\u00f6nnen die Stiftung mit einer Einzel- oder Dauerspende, einer eigenen Spendenaktion, einer Gedenkspende oder im Rahmen einer Schenkung und Ihrem Testament unterst\u00fctzen.<\/p>\n<p><strong><a href=\"https:\/\/junge-erwachsene-mit-krebs.de\/aktiv-werden\/spenden\/\" rel=\"noopener\">MEHR ERFAHREN<\/a><\/strong><\/p>\n<\/div><\/div><footer class=\"entry-footer\"><\/footer><\/article><\/div><div class=\"flex_column av_one_half  flex_column_div av-zero-column-padding   \" style='border-radius:0px; '><article class=\"iconbox iconbox_top main_color    no_symbol \"  itemscope=\"itemscope\" itemtype=\"https:\/\/schema.org\/CreativeWork\" ><div class=\"iconbox_content\"><header class=\"entry-content-header\"><div class=\"iconbox_icon heading-color \" aria-hidden='true' data-av_icon='\ue854' data-av_iconfont='entypo-fontello'  ><\/div><h3 class='iconbox_content_title '  itemprop=\"headline\"  ><a href='https:\/\/junge-erwachsene-mit-krebs.de\/aktiv-werden\/als-unternehmen-spenden\/' title='SPENDEN Sie als Unternehmen'  >SPENDEN Sie als Unternehmen<\/a><\/h3><\/header><div class='iconbox_content_container  '  itemprop=\"text\"  ><p>Sie k\u00f6nnen die Stiftung mit einer Einzel- oder Dauerspende, einer eigenen Spendenaktion oder im Rahmen von Unternehmenskooperationen unterst\u00fctzen.<\/p>\n<p><strong><a href=\"https:\/\/junge-erwachsene-mit-krebs.de\/aktiv-werden\/als-unternehmen-spenden\/\" rel=\"noopener\">MEHR ERFAHREN<\/a><\/strong><\/p>\n<\/div><\/div><footer class=\"entry-footer\"><\/footer><\/article><\/div><div class=\"flex_column av_one_half  flex_column_div av-zero-column-padding first  \" style='border-radius:0px; '><article class=\"iconbox iconbox_top main_color    no_symbol \"  itemscope=\"itemscope\" itemtype=\"https:\/\/schema.org\/CreativeWork\" ><div class=\"iconbox_content\"><header class=\"entry-content-header\"><div class=\"iconbox_icon heading-color \" aria-hidden='true' data-av_icon='\ue854' data-av_iconfont='entypo-fontello'  ><\/div><h3 class='iconbox_content_title '  itemprop=\"headline\"  ><a href='https:\/\/junge-erwachsene-mit-krebs.de\/aktiv-werden\/freundeskreis\/' title='FREUNDESKREIS'  >FREUNDESKREIS<\/a><\/h3><\/header><div class='iconbox_content_container  '  itemprop=\"text\"  ><p>Eine Anlaufstelle zum Austausch und f\u00fcr pers\u00f6nliches Engagement f\u00fcr das Thema &#8220;Jung &amp; Krebs&#8221;. Auch in enger Zusammenarbeit mit Angeh\u00f6rigen und Freunden von Betroffenen.<\/p>\n<p><strong><a href=\"https:\/\/junge-erwachsene-mit-krebs.de\/aktiv-werden\/freundeskreis\/\" rel=\"noopener\">MEHR ERFAHREN<\/a><\/strong><\/p>\n<\/div><\/div><footer class=\"entry-footer\"><\/footer><\/article><\/div><div class=\"flex_column av_one_half  flex_column_div av-zero-column-padding   \" style='border-radius:0px; '><article class=\"iconbox iconbox_top main_color    no_symbol \"  itemscope=\"itemscope\" itemtype=\"https:\/\/schema.org\/CreativeWork\" ><div class=\"iconbox_content\"><header class=\"entry-content-header\"><div class=\"iconbox_icon heading-color \" aria-hidden='true' data-av_icon='\ue854' data-av_iconfont='entypo-fontello'  ><\/div><h3 class='iconbox_content_title '  itemprop=\"headline\"  ><a href='https:\/\/junge-erwachsene-mit-krebs.de\/aktiv-werden\/ehrenamt\/' title='Ehrenamt'  >Ehrenamt<\/a><\/h3><\/header><div class='iconbox_content_container  '  itemprop=\"text\"  ><p>Die Arbeit der Deutschen Stiftung f\u00fcr junge Erwachsene mit Krebs lebt vom vielf\u00e4ltigen ehrenamtlichen Engagement der Betroffenen, Angeh\u00f6rigen und weiteren Aktiven.<\/p>\n<p><strong><a href=\"https:\/\/junge-erwachsene-mit-krebs.de\/aktiv-werden\/ehrenamt\/\" rel=\"noopener\">MEHR ERFAHREN<\/a><\/strong><\/p>\n<\/div><\/div><footer class=\"entry-footer\"><\/footer><\/article><\/div>\n\n","protected":false},"excerpt":{"rendered":"","protected":false},"author":1,"featured_media":0,"parent":0,"menu_order":0,"comment_status":"closed","ping_status":"closed","template":"template-uebersicht.php","meta":{"_acf_changed":false,"footnotes":""},"class_list":["post-21860","page","type-page","status-publish","hentry"],"acf":[],"yoast_head":"<!-- This site is optimized with the Yoast SEO Premium plugin v18.2.1 (Yoast SEO v24.6) - https:\/\/yoast.com\/wordpress\/plugins\/seo\/ -->\n<title>Aktiv werden - DSFJEMK<\/title>\n<meta name=\"description\" content=\"Die spendenfinanzierte Deutsche Stiftung f\u00fcr junge Erwachsene mit Krebs lebt vom gesellschaftlichen Engagement aktiver und interessierter Menschen.\" \/>\n<meta name=\"robots\" content=\"noindex, follow, max-snippet:-1, max-image-preview:large, max-video-preview:-1\" \/>\n<meta property=\"og:locale\" content=\"de_DE\" \/>\n<meta property=\"og:type\" content=\"article\" \/>\n<meta property=\"og:title\" content=\"Aktiv werden\" \/>\n<meta property=\"og:description\" content=\"Die spendenfinanzierte Deutsche Stiftung f\u00fcr junge Erwachsene mit Krebs lebt vom gesellschaftlichen Engagement aktiver und interessierter Menschen.\" \/>\n<meta property=\"og:url\" content=\"https:\/\/te2.demo.hello-it.eu\/aktiv-werden\/\" \/>\n<meta property=\"og:site_name\" content=\"DSFJEMK\" \/>\n<meta property=\"article:modified_time\" content=\"2025-01-07T14:16:17+00:00\" \/>\n<meta name=\"twitter:card\" content=\"summary_large_image\" \/>\n<meta name=\"twitter:label1\" content=\"Est. reading time\" \/>\n\t<meta name=\"twitter:data1\" content=\"3 minutes\" \/>\n<script type=\"application\/ld+json\" class=\"yoast-schema-graph\">{\"@context\":\"https:\/\/schema.org\",\"@graph\":[{\"@type\":\"WebPage\",\"@id\":\"https:\/\/te2.demo.hello-it.eu\/aktiv-werden\/\",\"url\":\"https:\/\/te2.demo.hello-it.eu\/aktiv-werden\/\",\"name\":\"Aktiv werden - DSFJEMK\",\"isPartOf\":{\"@id\":\"https:\/\/te2.demo.hello-it.eu\/#website\"},\"datePublished\":\"2018-07-30T18:55:40+00:00\",\"dateModified\":\"2025-01-07T14:16:17+00:00\",\"description\":\"Die spendenfinanzierte Deutsche Stiftung f\u00fcr junge Erwachsene mit Krebs lebt vom gesellschaftlichen Engagement aktiver und interessierter Menschen.\",\"breadcrumb\":{\"@id\":\"https:\/\/te2.demo.hello-it.eu\/aktiv-werden\/#breadcrumb\"},\"inLanguage\":\"de-LS\",\"potentialAction\":[{\"@type\":\"ReadAction\",\"target\":[\"https:\/\/te2.demo.hello-it.eu\/aktiv-werden\/\"]}]},{\"@type\":\"BreadcrumbList\",\"@id\":\"https:\/\/te2.demo.hello-it.eu\/aktiv-werden\/#breadcrumb\",\"itemListElement\":[{\"@type\":\"ListItem\",\"position\":1,\"name\":\"Startseite\",\"item\":\"https:\/\/te2.demo.hello-it.eu\/\"},{\"@type\":\"ListItem\",\"position\":2,\"name\":\"Aktiv werden\"}]},{\"@type\":\"WebSite\",\"@id\":\"https:\/\/te2.demo.hello-it.eu\/#website\",\"url\":\"https:\/\/te2.demo.hello-it.eu\/\",\"name\":\"DSFJEMK\",\"description\":\"Deutsche Stiftung f\u00fcr junge Erwachsene mit Krebs\",\"publisher\":{\"@id\":\"https:\/\/te2.demo.hello-it.eu\/#organization\"},\"potentialAction\":[{\"@type\":\"SearchAction\",\"target\":{\"@type\":\"EntryPoint\",\"urlTemplate\":\"https:\/\/te2.demo.hello-it.eu\/?s={search_term_string}\"},\"query-input\":{\"@type\":\"PropertyValueSpecification\",\"valueRequired\":true,\"valueName\":\"search_term_string\"}}],\"inLanguage\":\"de-LS\"},{\"@type\":\"Organization\",\"@id\":\"https:\/\/te2.demo.hello-it.eu\/#organization\",\"name\":\"Deutsche Stiftung f\u00fcr junge Erwachsene mit Krebs\",\"url\":\"https:\/\/te2.demo.hello-it.eu\/\",\"logo\":{\"@type\":\"ImageObject\",\"inLanguage\":\"de-LS\",\"@id\":\"https:\/\/te2.demo.hello-it.eu\/#\/schema\/logo\/image\/\",\"url\":\"https:\/\/te2.demo.hello-it.eu\/wp-content\/uploads\/2018\/09\/Logo_DSfjEmK-2018.jpg\",\"contentUrl\":\"https:\/\/te2.demo.hello-it.eu\/wp-content\/uploads\/2018\/09\/Logo_DSfjEmK-2018.jpg\",\"width\":1000,\"height\":1000,\"caption\":\"Deutsche Stiftung f\u00fcr junge Erwachsene mit Krebs\"},\"image\":{\"@id\":\"https:\/\/te2.demo.hello-it.eu\/#\/schema\/logo\/image\/\"}}]}<\/script>\n<!-- \/ Yoast SEO Premium plugin. -->","yoast_head_json":{"title":"Aktiv werden - DSFJEMK","description":"Die spendenfinanzierte Deutsche Stiftung f\u00fcr junge Erwachsene mit Krebs lebt vom gesellschaftlichen Engagement aktiver und interessierter Menschen.","robots":{"index":"noindex","follow":"follow","max-snippet":"max-snippet:-1","max-image-preview":"max-image-preview:large","max-video-preview":"max-video-preview:-1"},"og_locale":"de_DE","og_type":"article","og_title":"Aktiv werden","og_description":"Die spendenfinanzierte Deutsche Stiftung f\u00fcr junge Erwachsene mit Krebs lebt vom gesellschaftlichen Engagement aktiver und interessierter Menschen.","og_url":"https:\/\/te2.demo.hello-it.eu\/aktiv-werden\/","og_site_name":"DSFJEMK","article_modified_time":"2025-01-07T14:16:17+00:00","twitter_card":"summary_large_image","twitter_misc":{"Est. reading time":"3 minutes"},"schema":{"@context":"https:\/\/schema.org","@graph":[{"@type":"WebPage","@id":"https:\/\/te2.demo.hello-it.eu\/aktiv-werden\/","url":"https:\/\/te2.demo.hello-it.eu\/aktiv-werden\/","name":"Aktiv werden - DSFJEMK","isPartOf":{"@id":"https:\/\/te2.demo.hello-it.eu\/#website"},"datePublished":"2018-07-30T18:55:40+00:00","dateModified":"2025-01-07T14:16:17+00:00","description":"Die spendenfinanzierte Deutsche Stiftung f\u00fcr junge Erwachsene mit Krebs lebt vom gesellschaftlichen Engagement aktiver und interessierter Menschen.","breadcrumb":{"@id":"https:\/\/te2.demo.hello-it.eu\/aktiv-werden\/#breadcrumb"},"inLanguage":"de-LS","potentialAction":[{"@type":"ReadAction","target":["https:\/\/te2.demo.hello-it.eu\/aktiv-werden\/"]}]},{"@type":"BreadcrumbList","@id":"https:\/\/te2.demo.hello-it.eu\/aktiv-werden\/#breadcrumb","itemListElement":[{"@type":"ListItem","position":1,"name":"Startseite","item":"https:\/\/te2.demo.hello-it.eu\/"},{"@type":"ListItem","position":2,"name":"Aktiv werden"}]},{"@type":"WebSite","@id":"https:\/\/te2.demo.hello-it.eu\/#website","url":"https:\/\/te2.demo.hello-it.eu\/","name":"DSFJEMK","description":"Deutsche Stiftung f\u00fcr junge Erwachsene mit Krebs","publisher":{"@id":"https:\/\/te2.demo.hello-it.eu\/#organization"},"potentialAction":[{"@type":"SearchAction","target":{"@type":"EntryPoint","urlTemplate":"https:\/\/te2.demo.hello-it.eu\/?s={search_term_string}"},"query-input":{"@type":"PropertyValueSpecification","valueRequired":true,"valueName":"search_term_string"}}],"inLanguage":"de-LS"},{"@type":"Organization","@id":"https:\/\/te2.demo.hello-it.eu\/#organization","name":"Deutsche Stiftung f\u00fcr junge Erwachsene mit Krebs","url":"https:\/\/te2.demo.hello-it.eu\/","logo":{"@type":"ImageObject","inLanguage":"de-LS","@id":"https:\/\/te2.demo.hello-it.eu\/#\/schema\/logo\/image\/","url":"https:\/\/te2.demo.hello-it.eu\/wp-content\/uploads\/2018\/09\/Logo_DSfjEmK-2018.jpg","contentUrl":"https:\/\/te2.demo.hello-it.eu\/wp-content\/uploads\/2018\/09\/Logo_DSfjEmK-2018.jpg","width":1000,"height":1000,"caption":"Deutsche Stiftung f\u00fcr junge Erwachsene mit Krebs"},"image":{"@id":"https:\/\/te2.demo.hello-it.eu\/#\/schema\/logo\/image\/"}}]}},"_links":{"self":[{"href":"https:\/\/te2.demo.hello-it.eu\/ls\/wp-json\/wp\/v2\/pages\/21860","targetHints":{"allow":["GET"]}}],"collection":[{"href":"https:\/\/te2.demo.hello-it.eu\/ls\/wp-json\/wp\/v2\/pages"}],"about":[{"href":"https:\/\/te2.demo.hello-it.eu\/ls\/wp-json\/wp\/v2\/types\/page"}],"author":[{"embeddable":true,"href":"https:\/\/te2.demo.hello-it.eu\/ls\/wp-json\/wp\/v2\/users\/1"}],"replies":[{"embeddable":true,"href":"https:\/\/te2.demo.hello-it.eu\/ls\/wp-json\/wp\/v2\/comments?post=21860"}],"version-history":[{"count":13,"href":"https:\/\/te2.demo.hello-it.eu\/ls\/wp-json\/wp\/v2\/pages\/21860\/revisions"}],"predecessor-version":[{"id":26636,"href":"https:\/\/te2.demo.hello-it.eu\/ls\/wp-json\/wp\/v2\/pages\/21860\/revisions\/26636"}],"wp:attachment":[{"href":"https:\/\/te2.demo.hello-it.eu\/ls\/wp-json\/wp\/v2\/media?parent=21860"}],"curies":[{"name":"wp","href":"https:\/\/api.w.org\/{rel}","templated":true}]}}