{"id":21854,"date":"2018-09-26T10:13:24","date_gmt":"2018-09-26T08:13:24","guid":{"rendered":"https:\/\/junge-erwachsene-mit-krebs.de\/wir-bewegen\/"},"modified":"2023-02-03T19:45:34","modified_gmt":"2023-02-03T18:45:34","slug":"wir-bewegen","status":"publish","type":"page","link":"https:\/\/te2.demo.hello-it.eu\/ls\/wir-bewegen\/","title":{"rendered":"Wir bewegen"},"content":{"rendered":"<section class=\"av_textblock_section \"  itemscope=\"itemscope\" itemtype=\"https:\/\/schema.org\/CreativeWork\" ><div class='avia_textblock  '   itemprop=\"text\" ><h2 style=\"text-align: center;\">Wir bewegen<\/h2>\n<\/div><\/section>\n<section class=\"av_textblock_section \"  itemscope=\"itemscope\" itemtype=\"https:\/\/schema.org\/CreativeWork\" ><div class='avia_textblock  '   itemprop=\"text\" ><p>Die <strong>Deutsche Stiftung f\u00fcr junge Erwachsene mit Krebs<\/strong> unterst\u00fctzt und begleitet junge Betroffene durch die F\u00f6rderung von Wissenschaft und Forschung sowie des \u00f6ffentlichen Gesundheitswesens. Sie engagiert sich dar\u00fcber hinaus f\u00fcr die Versorgungsverbesserung junger Krebspatient:innen und vertritt deren Interessen gegen\u00fcber Gesellschaft und Politik auf regionaler Ebene bis Bundesebene.<\/p>\n<\/div><\/section>\n<\/div><\/div><\/div><!-- close content main div --><\/div><\/div><div id='av_section_1' class='avia-section main_color avia-section-default avia-no-border-styling avia-bg-style-scroll    container_wrap fullsize' style = 'background-color: #f6f6f6; background-image: '  ><div class='container' ><div class='template-page content  av-content-full alpha units'><div class='post-entry post-entry-type-page post-entry-21854'><div class='entry-content-wrapper clearfix'>\n<div class=\"flex_column av_one_half  flex_column_div av-zero-column-padding first  \" style='border-radius:0px; '><article class=\"iconbox iconbox_top main_color    no_symbol \"  itemscope=\"itemscope\" itemtype=\"https:\/\/schema.org\/CreativeWork\" ><div class=\"iconbox_content\"><header class=\"entry-content-header\"><div class=\"iconbox_icon heading-color \" aria-hidden='true' data-av_icon='\ue854' data-av_iconfont='entypo-fontello'  ><\/div><h3 class='iconbox_content_title '  itemprop=\"headline\"  ><a href='https:\/\/junge-erwachsene-mit-krebs.de\/wir-bewegen\/versorgung-verbessern' title='Versorgung verbessern'  >Versorgung verbessern<\/a><\/h3><\/header><div class='iconbox_content_container  '  itemprop=\"text\"  ><p>\u00dcbersicht der laufenden Projekte und Kampagnen zur Verbesserung der medizinischen Versorgung von jungen Erwachsenen mit Krebs.<\/p>\n<p><a href=\"https:\/\/junge-erwachsene-mit-krebs.de\/wir-bewegen\/versorgung-verbessern\/\" rel=\"noopener\">MEHR ERFAHREN<\/a><\/p>\n<\/div><\/div><footer class=\"entry-footer\"><\/footer><\/article><\/div><div class=\"flex_column av_one_half  flex_column_div av-zero-column-padding   \" style='border-radius:0px; '><article class=\"iconbox iconbox_top main_color    no_symbol \"  itemscope=\"itemscope\" itemtype=\"https:\/\/schema.org\/CreativeWork\" ><div class=\"iconbox_content\"><header class=\"entry-content-header\"><div class=\"iconbox_icon heading-color \" aria-hidden='true' data-av_icon='\ue854' data-av_iconfont='entypo-fontello'  ><\/div><h3 class='iconbox_content_title '  itemprop=\"headline\"  ><a href='https:\/\/junge-erwachsene-mit-krebs.de\/wir-bewegen\/wissenschaft-foerdern' title='Wissenschaft f\u00f6rdern'  >Wissenschaft f\u00f6rdern<\/a><\/h3><\/header><div class='iconbox_content_container  '  itemprop=\"text\"  ><p>Lesen Sie hier alles \u00fcber das STUDIENPORTAL und die Durchf\u00fchrung und Vergabe der Forschungsprojekte der Stiftung.<\/p>\n<p><a href=\"https:\/\/junge-erwachsene-mit-krebs.de\/wir-bewegen\/wissenschaft-foerdern\/\" rel=\"noopener\">MEHR ERFAHREN<\/a><\/p>\n<\/div><\/div><footer class=\"entry-footer\"><\/footer><\/article><\/div>\n","protected":false},"excerpt":{"rendered":"","protected":false},"author":5,"featured_media":0,"parent":0,"menu_order":0,"comment_status":"closed","ping_status":"closed","template":"template-uebersicht.php","meta":{"_acf_changed":false,"footnotes":""},"class_list":["post-21854","page","type-page","status-publish","hentry"],"acf":[],"yoast_head":"<!-- This site is optimized with the Yoast SEO Premium plugin v18.2.1 (Yoast SEO v24.6) - https:\/\/yoast.com\/wordpress\/plugins\/seo\/ -->\n<title>Wir bewegen - DSFJEMK<\/title>\n<meta name=\"description\" content=\"Die Stiftung unterst\u00fctzt junge Betroffene durch die F\u00f6rderung von Wissenschaft und Forschung. Sie vertritt deren Interessen auf politischer Ebene.\" \/>\n<meta name=\"robots\" content=\"noindex, follow, max-snippet:-1, max-image-preview:large, max-video-preview:-1\" \/>\n<meta property=\"og:locale\" content=\"de_DE\" \/>\n<meta property=\"og:type\" content=\"article\" \/>\n<meta property=\"og:title\" content=\"Wir bewegen\" \/>\n<meta property=\"og:description\" content=\"Die Stiftung unterst\u00fctzt junge Betroffene durch die F\u00f6rderung von Wissenschaft und Forschung. Sie vertritt deren Interessen auf politischer Ebene.\" \/>\n<meta property=\"og:url\" content=\"https:\/\/te2.demo.hello-it.eu\/ls\/wir-bewegen\/\" \/>\n<meta property=\"og:site_name\" content=\"DSFJEMK\" \/>\n<meta property=\"article:modified_time\" content=\"2023-02-03T18:45:34+00:00\" \/>\n<meta name=\"twitter:card\" content=\"summary_large_image\" \/>\n<meta name=\"twitter:label1\" content=\"Est. reading time\" \/>\n\t<meta name=\"twitter:data1\" content=\"2 minutes\" \/>\n<script type=\"application\/ld+json\" class=\"yoast-schema-graph\">{\"@context\":\"https:\/\/schema.org\",\"@graph\":[{\"@type\":\"WebPage\",\"@id\":\"https:\/\/te2.demo.hello-it.eu\/ls\/wir-bewegen\/\",\"url\":\"https:\/\/te2.demo.hello-it.eu\/ls\/wir-bewegen\/\",\"name\":\"Wir bewegen - DSFJEMK\",\"isPartOf\":{\"@id\":\"https:\/\/te2.demo.hello-it.eu\/#website\"},\"datePublished\":\"2018-09-26T08:13:24+00:00\",\"dateModified\":\"2023-02-03T18:45:34+00:00\",\"description\":\"Die Stiftung unterst\u00fctzt junge Betroffene durch die F\u00f6rderung von Wissenschaft und Forschung. Sie vertritt deren Interessen auf politischer Ebene.\",\"breadcrumb\":{\"@id\":\"https:\/\/te2.demo.hello-it.eu\/ls\/wir-bewegen\/#breadcrumb\"},\"inLanguage\":\"de-LS\",\"potentialAction\":[{\"@type\":\"ReadAction\",\"target\":[\"https:\/\/te2.demo.hello-it.eu\/ls\/wir-bewegen\/\"]}]},{\"@type\":\"BreadcrumbList\",\"@id\":\"https:\/\/te2.demo.hello-it.eu\/ls\/wir-bewegen\/#breadcrumb\",\"itemListElement\":[{\"@type\":\"ListItem\",\"position\":1,\"name\":\"Startseite\",\"item\":\"https:\/\/te2.demo.hello-it.eu\/\"},{\"@type\":\"ListItem\",\"position\":2,\"name\":\"Wir bewegen\"}]},{\"@type\":\"WebSite\",\"@id\":\"https:\/\/te2.demo.hello-it.eu\/#website\",\"url\":\"https:\/\/te2.demo.hello-it.eu\/\",\"name\":\"DSFJEMK\",\"description\":\"Deutsche Stiftung f\u00fcr junge Erwachsene mit Krebs\",\"publisher\":{\"@id\":\"https:\/\/te2.demo.hello-it.eu\/#organization\"},\"potentialAction\":[{\"@type\":\"SearchAction\",\"target\":{\"@type\":\"EntryPoint\",\"urlTemplate\":\"https:\/\/te2.demo.hello-it.eu\/?s={search_term_string}\"},\"query-input\":{\"@type\":\"PropertyValueSpecification\",\"valueRequired\":true,\"valueName\":\"search_term_string\"}}],\"inLanguage\":\"de-LS\"},{\"@type\":\"Organization\",\"@id\":\"https:\/\/te2.demo.hello-it.eu\/#organization\",\"name\":\"Deutsche Stiftung f\u00fcr junge Erwachsene mit Krebs\",\"url\":\"https:\/\/te2.demo.hello-it.eu\/\",\"logo\":{\"@type\":\"ImageObject\",\"inLanguage\":\"de-LS\",\"@id\":\"https:\/\/te2.demo.hello-it.eu\/#\/schema\/logo\/image\/\",\"url\":\"https:\/\/te2.demo.hello-it.eu\/wp-content\/uploads\/2018\/09\/Logo_DSfjEmK-2018.jpg\",\"contentUrl\":\"https:\/\/te2.demo.hello-it.eu\/wp-content\/uploads\/2018\/09\/Logo_DSfjEmK-2018.jpg\",\"width\":1000,\"height\":1000,\"caption\":\"Deutsche Stiftung f\u00fcr junge Erwachsene mit Krebs\"},\"image\":{\"@id\":\"https:\/\/te2.demo.hello-it.eu\/#\/schema\/logo\/image\/\"}}]}<\/script>\n<!-- \/ Yoast SEO Premium plugin. -->","yoast_head_json":{"title":"Wir bewegen - DSFJEMK","description":"Die Stiftung unterst\u00fctzt junge Betroffene durch die F\u00f6rderung von Wissenschaft und Forschung. Sie vertritt deren Interessen auf politischer Ebene.","robots":{"index":"noindex","follow":"follow","max-snippet":"max-snippet:-1","max-image-preview":"max-image-preview:large","max-video-preview":"max-video-preview:-1"},"og_locale":"de_DE","og_type":"article","og_title":"Wir bewegen","og_description":"Die Stiftung unterst\u00fctzt junge Betroffene durch die F\u00f6rderung von Wissenschaft und Forschung. Sie vertritt deren Interessen auf politischer Ebene.","og_url":"https:\/\/te2.demo.hello-it.eu\/ls\/wir-bewegen\/","og_site_name":"DSFJEMK","article_modified_time":"2023-02-03T18:45:34+00:00","twitter_card":"summary_large_image","twitter_misc":{"Est. reading time":"2 minutes"},"schema":{"@context":"https:\/\/schema.org","@graph":[{"@type":"WebPage","@id":"https:\/\/te2.demo.hello-it.eu\/ls\/wir-bewegen\/","url":"https:\/\/te2.demo.hello-it.eu\/ls\/wir-bewegen\/","name":"Wir bewegen - DSFJEMK","isPartOf":{"@id":"https:\/\/te2.demo.hello-it.eu\/#website"},"datePublished":"2018-09-26T08:13:24+00:00","dateModified":"2023-02-03T18:45:34+00:00","description":"Die Stiftung unterst\u00fctzt junge Betroffene durch die F\u00f6rderung von Wissenschaft und Forschung. Sie vertritt deren Interessen auf politischer Ebene.","breadcrumb":{"@id":"https:\/\/te2.demo.hello-it.eu\/ls\/wir-bewegen\/#breadcrumb"},"inLanguage":"de-LS","potentialAction":[{"@type":"ReadAction","target":["https:\/\/te2.demo.hello-it.eu\/ls\/wir-bewegen\/"]}]},{"@type":"BreadcrumbList","@id":"https:\/\/te2.demo.hello-it.eu\/ls\/wir-bewegen\/#breadcrumb","itemListElement":[{"@type":"ListItem","position":1,"name":"Startseite","item":"https:\/\/te2.demo.hello-it.eu\/"},{"@type":"ListItem","position":2,"name":"Wir bewegen"}]},{"@type":"WebSite","@id":"https:\/\/te2.demo.hello-it.eu\/#website","url":"https:\/\/te2.demo.hello-it.eu\/","name":"DSFJEMK","description":"Deutsche Stiftung f\u00fcr junge Erwachsene mit Krebs","publisher":{"@id":"https:\/\/te2.demo.hello-it.eu\/#organization"},"potentialAction":[{"@type":"SearchAction","target":{"@type":"EntryPoint","urlTemplate":"https:\/\/te2.demo.hello-it.eu\/?s={search_term_string}"},"query-input":{"@type":"PropertyValueSpecification","valueRequired":true,"valueName":"search_term_string"}}],"inLanguage":"de-LS"},{"@type":"Organization","@id":"https:\/\/te2.demo.hello-it.eu\/#organization","name":"Deutsche Stiftung f\u00fcr junge Erwachsene mit Krebs","url":"https:\/\/te2.demo.hello-it.eu\/","logo":{"@type":"ImageObject","inLanguage":"de-LS","@id":"https:\/\/te2.demo.hello-it.eu\/#\/schema\/logo\/image\/","url":"https:\/\/te2.demo.hello-it.eu\/wp-content\/uploads\/2018\/09\/Logo_DSfjEmK-2018.jpg","contentUrl":"https:\/\/te2.demo.hello-it.eu\/wp-content\/uploads\/2018\/09\/Logo_DSfjEmK-2018.jpg","width":1000,"height":1000,"caption":"Deutsche Stiftung f\u00fcr junge Erwachsene mit Krebs"},"image":{"@id":"https:\/\/te2.demo.hello-it.eu\/#\/schema\/logo\/image\/"}}]}},"_links":{"self":[{"href":"https:\/\/te2.demo.hello-it.eu\/ls\/wp-json\/wp\/v2\/pages\/21854","targetHints":{"allow":["GET"]}}],"collection":[{"href":"https:\/\/te2.demo.hello-it.eu\/ls\/wp-json\/wp\/v2\/pages"}],"about":[{"href":"https:\/\/te2.demo.hello-it.eu\/ls\/wp-json\/wp\/v2\/types\/page"}],"author":[{"embeddable":true,"href":"https:\/\/te2.demo.hello-it.eu\/ls\/wp-json\/wp\/v2\/users\/5"}],"replies":[{"embeddable":true,"href":"https:\/\/te2.demo.hello-it.eu\/ls\/wp-json\/wp\/v2\/comments?post=21854"}],"version-history":[{"count":1,"href":"https:\/\/te2.demo.hello-it.eu\/ls\/wp-json\/wp\/v2\/pages\/21854\/revisions"}],"predecessor-version":[{"id":21855,"href":"https:\/\/te2.demo.hello-it.eu\/ls\/wp-json\/wp\/v2\/pages\/21854\/revisions\/21855"}],"wp:attachment":[{"href":"https:\/\/te2.demo.hello-it.eu\/ls\/wp-json\/wp\/v2\/media?parent=21854"}],"curies":[{"name":"wp","href":"https:\/\/api.w.org\/{rel}","templated":true}]}}