{"id":8718,"date":"2019-02-25T15:54:53","date_gmt":"2019-02-25T14:54:53","guid":{"rendered":"https:\/\/junge-erwachsene-mit-krebs.de\/jung-krebs\/erste-hilfe\/5-think-about-tomorrow\/"},"modified":"2021-12-22T10:33:55","modified_gmt":"2021-12-22T09:33:55","slug":"5-think-about-tomorrow","status":"publish","type":"page","link":"https:\/\/te2.demo.hello-it.eu\/en\/youth-cancer\/first-aid\/5-think-about-tomorrow\/","title":{"rendered":"5\/ Think about tomorrow"},"content":{"rendered":"<section class=\"av_textblock_section \"  itemscope=\"itemscope\" itemtype=\"https:\/\/schema.org\/CreativeWork\" ><div class='avia_textblock  '   itemprop=\"text\" ><h2 style=\"text-align: center;\">5\/ Denke an morgen<br \/>\nLasse Dir Deine Chancen nicht nehmen<\/h2>\n<\/div><\/section>\n<section class=\"av_textblock_section \"  itemscope=\"itemscope\" itemtype=\"https:\/\/schema.org\/CreativeWork\" ><div class='avia_textblock  '   itemprop=\"text\" ><p>Viele Krebsbehandlungen k\u00f6nnen zu einem Verlust oder einer Beeintr\u00e4chtigung der Fruchtbarkeit f\u00fchren. Vielleicht wei\u00dft Du heute noch nicht, ob Du sp\u00e4ter einmal Kinder haben m\u00f6chtest. Aber Dinge k\u00f6nnen sich \u00e4ndern, sprich Deine \u00c4rztin vor Beginn der Behandlung an.<\/p>\n<\/div><\/section>\n<div  data-autoplay='1'  data-interval='5'  data-animation='fade'  data-hoverpause='1'  class='avia-testimonial-wrapper avia-slider-testimonials avia-slider-1-testimonials avia_animate_when_almost_visible  av-large-testimonial-slider  '>\n<section class ='avia-testimonial-row'><div class='avia-testimonial av_one_full flex_column no_margin avia-testimonial-row-1 avia-first-testimonial'  itemscope=\"itemscope\" itemtype=\"https:\/\/schema.org\/Person\" ><div class='avia-testimonial_inner'><div class='avia-testimonial-content '    itemscope=\"itemscope\" itemtype=\"https:\/\/schema.org\/CreativeWork\" ><p>Mit einer Hormonstimulation und einem kleinen Eingriff k\u00f6nnen Eizellen gewonnen und eingefroren werden. Wenn dazu keine Zeit ist, kann auch Eierstockgewebe entnommen werden, damit eine sp\u00e4tere Schwangerschaft m\u00f6glich ist.<\/p>\n<\/div><div class='avia-testimonial-meta'><div class='avia-testimonial-arrow-wrap'><div class='avia-arrow'><\/div><\/div><div class='avia-testimonial-image'  itemprop=\"image\"  style='background-image:url(https:\/\/te2.demo.hello-it.eu\/wp-content\/uploads\/2018\/10\/Portr\u00e4t-Zitat-Judy.png);'><\/div><div class='avia-testimonial-meta-mini'><strong  class='avia-testimonial-name'    itemprop=\"name\" >Judy<\/strong><span  class='avia-testimonial-subtitle '    itemprop=\"jobTitle\" >28 Jahre, Veterinarian, &lt;\/br&gt;sarcoma<\/span><\/div><\/div><\/div><\/div>\n<\/section><div class='avia-slideshow-arrows avia-slideshow-controls' ><a href='#prev' class='prev-slide' aria-hidden='true' data-av_icon='\ue87c' data-av_iconfont='entypo-fontello'>Previous<\/a><a href='#next' class='next-slide' aria-hidden='true' data-av_icon='\ue87d' data-av_iconfont='entypo-fontello'>Next<\/a><\/div><\/div>\n<div  data-autoplay='1'  data-interval='5'  data-animation='fade'  data-hoverpause='1'  class='avia-testimonial-wrapper avia-slider-testimonials avia-slider-1-testimonials avia_animate_when_almost_visible  av-large-testimonial-slider  '>\n<section class ='avia-testimonial-row'><div class='avia-testimonial av_one_full flex_column no_margin avia-testimonial-row-1 avia-first-testimonial'  itemscope=\"itemscope\" itemtype=\"https:\/\/schema.org\/Person\" ><div class='avia-testimonial_inner'><div class='avia-testimonial-content '    itemscope=\"itemscope\" itemtype=\"https:\/\/schema.org\/CreativeWork\" ><p>Eine Entnahme von Sperma mit anschlie\u00dfender Konservierung kann die Chance auf ein Kind erhalten.<\/p>\n<\/div><div class='avia-testimonial-meta'><div class='avia-testimonial-arrow-wrap'><div class='avia-arrow'><\/div><\/div><div class='avia-testimonial-image'  itemprop=\"image\"  style='background-image:url(https:\/\/te2.demo.hello-it.eu\/wp-content\/uploads\/2018\/10\/Portr\u00e4t-Zitat-Bernd.png);'><\/div><div class='avia-testimonial-meta-mini'><strong  class='avia-testimonial-name'    itemprop=\"name\" >Bernd<\/strong><span  class='avia-testimonial-subtitle '    itemprop=\"jobTitle\" >22 Jahre, Electronics technician, &lt;\/br&gt;Bowel cancer<\/span><\/div><\/div><\/div><\/div>\n<\/section><div class='avia-slideshow-arrows avia-slideshow-controls' ><a href='#prev' class='prev-slide' aria-hidden='true' data-av_icon='\ue87c' data-av_iconfont='entypo-fontello'>Previous<\/a><a href='#next' class='next-slide' aria-hidden='true' data-av_icon='\ue87d' data-av_iconfont='entypo-fontello'>Next<\/a><\/div><\/div>\n<section class=\"av_textblock_section \"  itemscope=\"itemscope\" itemtype=\"https:\/\/schema.org\/CreativeWork\" ><div class='avia_textblock  '   itemprop=\"text\" ><p>Dazu muss Dein Arzt Dich jetzt informieren und einen Termin im Kinderwunschzentrum vereinbaren. Frage dort auch nach den Kosten der Behandlung. Sie werden von vielen Krankenkassen derzeit leider noch nicht \u00fcbernommen, dennoch VORHER den Antrag auf Kosten\u00fcbernahme stellen, dann aber nicht warten!<\/p>\n<\/div><\/section>\n<section class=\"av_textblock_section \"  itemscope=\"itemscope\" itemtype=\"https:\/\/schema.org\/CreativeWork\" ><div class='avia_textblock  '   itemprop=\"text\" ><p><a href=\"https:\/\/junge-erwachsene-mit-krebs.de\/wissensbegriffe\/category\/fruchtbarkeit\/\"><img loading=\"lazy\" decoding=\"async\" class=\"alignleft wp-image-11512 size-medium\" src=\"https:\/\/junge-erwachsene-mit-krebs.de\/wp-content\/uploads\/2019\/12\/Gefrorene-Eizelle-e1574092044893-300x166.png\" alt=\"\" width=\"300\" height=\"166\" srcset=\"https:\/\/te2.demo.hello-it.eu\/wp-content\/uploads\/2019\/12\/Gefrorene-Eizelle-e1574092044893-300x166.png 300w, https:\/\/te2.demo.hello-it.eu\/wp-content\/uploads\/2019\/12\/Gefrorene-Eizelle-e1574092044893-1030x571.png 1030w, https:\/\/te2.demo.hello-it.eu\/wp-content\/uploads\/2019\/12\/Gefrorene-Eizelle-e1574092044893-768x426.png 768w, https:\/\/te2.demo.hello-it.eu\/wp-content\/uploads\/2019\/12\/Gefrorene-Eizelle-e1574092044893-1536x852.png 1536w, https:\/\/te2.demo.hello-it.eu\/wp-content\/uploads\/2019\/12\/Gefrorene-Eizelle-e1574092044893-2048x1136.png 2048w, https:\/\/te2.demo.hello-it.eu\/wp-content\/uploads\/2019\/12\/Gefrorene-Eizelle-e1574092044893-1500x832.png 1500w, https:\/\/te2.demo.hello-it.eu\/wp-content\/uploads\/2019\/12\/Gefrorene-Eizelle-e1574092044893-705x391.png 705w, https:\/\/te2.demo.hello-it.eu\/wp-content\/uploads\/2019\/12\/Gefrorene-Eizelle-e1574092044893-450x250.png 450w\" sizes=\"auto, (max-width: 300px) 100vw, 300px\" \/><\/a><\/p>\n<p>Auf der Wissensseite &#8220;<strong><a href=\"https:\/\/junge-erwachsene-mit-krebs.de\/wissensbegriffe\/category\/fruchtbarkeit\/\">Fruchtbarkeit<\/a><\/strong>&#8221; geben wir zus\u00e4tzliche Informationen zum Einfrieren von Keimzellen und zur Antragstellung . Auch weitere Videos mit jungen Betroffenen und ihren Angeh\u00f6rigen sind dort zu finden.<\/p>\n<\/div><\/section>\n<section class=\"av_textblock_section \"  itemscope=\"itemscope\" itemtype=\"https:\/\/schema.org\/CreativeWork\" ><div class='avia_textblock  '   itemprop=\"text\" ><p>Auf der Internetseite des <a href=\"https:\/\/fertiprotekt.com\/\" target=\"_blank\" rel=\"noopener\"><strong>Vereins Fertiprotekt<\/strong><\/a> findest Du weitere Informationen zum Thema \u201eFertilit\u00e4t\u201c und eine \u00dcbersicht mit Kinderwunschzentren.<\/p>\n<\/div><\/section>\n<div class='avia-icon-list-container   '><ul class='avia-icon-list avia-icon-list-left av-iconlist-big avia_animate_when_almost_visible'>\n<li><a href='https:\/\/www.youtube.com\/channel\/UCn3xyh5bRn6N3tEq8guwHKw\/playlists?sort=dd&amp;view=50&amp;shelf_id=4' title='Click here to see all the video messages'  target=\"_blank\"   class='iconlist_icon  avia-font-fontello'><span class='iconlist-char ' aria-hidden='true' data-av_icon='\ue805' data-av_iconfont='fontello'><\/span><\/a><article class=\"article-icon-entry av-iconlist-empty\"  itemscope=\"itemscope\" itemtype=\"https:\/\/schema.org\/CreativeWork\" ><div class='iconlist_content_wrap'><header class=\"entry-content-header\"><h4 class='av_iconlist_title iconlist_title  '  itemprop=\"headline\"  ><a href='https:\/\/www.youtube.com\/channel\/UCn3xyh5bRn6N3tEq8guwHKw\/playlists?sort=dd&amp;view=50&amp;shelf_id=4' title='Click here to see all the video messages' target=\"_blank\" >Click here to see all the video messages<\/a><\/h4><\/header><div class='iconlist_content  '  itemprop=\"text\"  ><\/div><\/div><footer class=\"entry-footer\"><\/footer><\/article><div class='iconlist-timeline'><\/div><\/li>\n<\/ul><\/div>\n<div class='avia-video avia-video-16-9   av-lazyload-immediate  av-lazyload-video-embed  '   itemprop=\"video\" itemtype=\"https:\/\/schema.org\/VideoObject\"  data-original_url='https:\/\/www.youtube.com\/watch?list=PL6RimTJ448euQUVRAXgVhNkNQXVjAtz6H&v=ib7P9coiQdg' ><script type='text\/html' class='av-video-tmpl'><div class='avia-iframe-wrap'><iframe loading=\"lazy\" width=\"1500\" height=\"844\" src=\"https:\/\/www.youtube.com\/embed\/videoseries?list=PL6RimTJ448euQUVRAXgVhNkNQXVjAtz6H\" frameborder=\"0\" allow=\"accelerometer; autoplay; encrypted-media; gyroscope; picture-in-picture\" allowfullscreen><\/iframe><\/div><\/script><div class='av-click-to-play-overlay'><div class=\"avia_playpause_icon\"><\/div><\/div><\/div>\n<div class='avia-icon-list-container   '><ul class='avia-icon-list avia-icon-list-left av-iconlist-big avia_animate_when_almost_visible'>\n<li><a href='https:\/\/junge-erwachsene-mit-krebs.de\/wp-content\/uploads\/2018\/09\/Jung-und-Krebs-Erste-Hilfe-Flyer.pdf' title='Flyer &quot;Youth &amp; Cancer \u2013 First Aid \u2013 Tips from affected people&quot;'  target=\"_blank\"   class='iconlist_icon  avia-font-entypo-fontello'><span class='iconlist-char ' aria-hidden='true' data-av_icon='\ue82d' data-av_iconfont='entypo-fontello'><\/span><\/a><article class=\"article-icon-entry \"  itemscope=\"itemscope\" itemtype=\"https:\/\/schema.org\/CreativeWork\" ><div class='iconlist_content_wrap'><header class=\"entry-content-header\"><h4 class='av_iconlist_title iconlist_title  '  itemprop=\"headline\"  ><a href='https:\/\/junge-erwachsene-mit-krebs.de\/wp-content\/uploads\/2018\/09\/Jung-und-Krebs-Erste-Hilfe-Flyer.pdf' title='Flyer &quot;Youth &amp; Cancer \u2013 First Aid \u2013 Tips from affected people&quot;' target=\"_blank\" >Flyer &quot;Youth &amp; Cancer \u2013 First Aid \u2013 Tips from affected people&quot;<\/a><\/h4><\/header><div class='iconlist_content  '  itemprop=\"text\"  ><p>PDF, 379kb<\/p>\n<\/div><\/div><footer class=\"entry-footer\"><\/footer><\/article><div class='iconlist-timeline'><\/div><\/li>\n<li><a href='mailto:info@junge-erwachsene-mit-krebs.de' title='Order the &quot;Youth &amp; Cancer \u2013 First Aid \u2013 Tips from affected people&quot; flyer by mail'  target=\"_blank\"   class='iconlist_icon  avia-font-entypo-fontello'><span class='iconlist-char ' aria-hidden='true' data-av_icon='\ue805' data-av_iconfont='entypo-fontello'><\/span><\/a><article class=\"article-icon-entry av-iconlist-empty\"  itemscope=\"itemscope\" itemtype=\"https:\/\/schema.org\/CreativeWork\" ><div class='iconlist_content_wrap'><header class=\"entry-content-header\"><h4 class='av_iconlist_title iconlist_title  '  itemprop=\"headline\"  ><a href='mailto:info@junge-erwachsene-mit-krebs.de' title='Order the &quot;Youth &amp; Cancer \u2013 First Aid \u2013 Tips from affected people&quot; flyer by mail' target=\"_blank\" >Order the &quot;Youth &amp; Cancer \u2013 First Aid \u2013 Tips from affected people&quot; flyer by mail<\/a><\/h4><\/header><div class='iconlist_content  '  itemprop=\"text\"  ><\/div><\/div><footer class=\"entry-footer\"><\/footer><\/article><div class='iconlist-timeline'><\/div><\/li>\n<\/ul><\/div>\n<\/div><\/div><\/div><!-- close content main div --><\/div><\/div><div id='av_section_1' class='avia-section main_color avia-section-default avia-no-border-styling avia-bg-style-scroll  contact_header_area  container_wrap fullsize' style = 'background-image: '  ><div class='container' ><div class='template-page content  av-content-full alpha units'><div class='post-entry post-entry-type-page post-entry-8718'><div class='entry-content-wrapper clearfix'>\n<section class=\"av_textblock_section \"  itemscope=\"itemscope\" itemtype=\"https:\/\/schema.org\/CreativeWork\" ><div class='avia_textblock  '   itemprop=\"text\" ><p>Ansprechpartnerin<\/p>\n<p><img loading=\"lazy\" decoding=\"async\" class=\"alignnone wp-image-14640 size-thumbnail\" src=\"https:\/\/junge-erwachsene-mit-krebs.de\/wp-content\/uploads\/2020\/08\/Kristina-Portr\u00e4tbild-2020-scaled-e1597308400989-80x80.jpg\" alt=\"\" width=\"80\" height=\"80\" srcset=\"https:\/\/te2.demo.hello-it.eu\/wp-content\/uploads\/2020\/08\/Kristina-Portr\u00e4tbild-2020-scaled-e1597308400989-80x80.jpg 80w, https:\/\/te2.demo.hello-it.eu\/wp-content\/uploads\/2020\/08\/Kristina-Portr\u00e4tbild-2020-scaled-e1597308400989-300x300.jpg 300w, https:\/\/te2.demo.hello-it.eu\/wp-content\/uploads\/2020\/08\/Kristina-Portr\u00e4tbild-2020-scaled-e1597308400989-1030x1030.jpg 1030w, https:\/\/te2.demo.hello-it.eu\/wp-content\/uploads\/2020\/08\/Kristina-Portr\u00e4tbild-2020-scaled-e1597308400989-768x768.jpg 768w, https:\/\/te2.demo.hello-it.eu\/wp-content\/uploads\/2020\/08\/Kristina-Portr\u00e4tbild-2020-scaled-e1597308400989-36x36.jpg 36w, https:\/\/te2.demo.hello-it.eu\/wp-content\/uploads\/2020\/08\/Kristina-Portr\u00e4tbild-2020-scaled-e1597308400989-180x180.jpg 180w, https:\/\/te2.demo.hello-it.eu\/wp-content\/uploads\/2020\/08\/Kristina-Portr\u00e4tbild-2020-scaled-e1597308400989-705x705.jpg 705w, https:\/\/te2.demo.hello-it.eu\/wp-content\/uploads\/2020\/08\/Kristina-Portr\u00e4tbild-2020-scaled-e1597308400989-120x120.jpg 120w, https:\/\/te2.demo.hello-it.eu\/wp-content\/uploads\/2020\/08\/Kristina-Portr\u00e4tbild-2020-scaled-e1597308400989-450x450.jpg 450w, https:\/\/te2.demo.hello-it.eu\/wp-content\/uploads\/2020\/08\/Kristina-Portr\u00e4tbild-2020-scaled-e1597308400989.jpg 1107w\" sizes=\"auto, (max-width: 80px) 100vw, 80px\" \/>Kristina Lehmann<\/p>\n<p>T: 030 28 09 30 56 0<\/p>\n<p><a href=\"mailto:k.lehmann@junge-erwachsene-mit-krebs.de\">E-Mail schreiben<\/a><\/p>\n<\/div><\/section>\n\n<\/div><\/div><\/div><!-- close content main div --><\/div><\/div><div id='av_section_2' class='avia-section main_color avia-section-default avia-no-border-styling avia-bg-style-scroll    container_wrap fullsize' style = 'background-color: #fafafa; background-image: '  ><div class='container' ><div class='template-page content  av-content-full alpha units'><div class='post-entry post-entry-type-page post-entry-8718'><div class='entry-content-wrapper clearfix'>\n<div class=\"flex_column av_one_half  flex_column_div av-zero-column-padding first  \" style='border-radius:0px; '><article class=\"iconbox iconbox_top main_color    no_symbol \"  itemscope=\"itemscope\" itemtype=\"https:\/\/schema.org\/CreativeWork\" ><div class=\"iconbox_content\"><header class=\"entry-content-header\"><div class=\"iconbox_icon heading-color \" aria-hidden='true' data-av_icon='\ue854' data-av_iconfont='entypo-fontello'  ><\/div><h3 class='iconbox_content_title '  itemprop=\"headline\"  ><a href='https:\/\/www.junges-krebsportal.de\/' title='YOUNG CANCER PORTAL'  target=\"_blank\"  >YOUNG CANCER PORTAL<\/a><\/h3><\/header><div class='iconbox_content_container  '  itemprop=\"text\"  ><p>Umfassende Informationen, individuelle und kompetente Beratung durch Experten und Online-Sprechstunden f\u00fcr junge Krebspatienten.<\/p>\n<p><a href=\"https:\/\/www.junges-krebsportal.de\/\" target=\"_blank\" rel=\"noopener\">MEHR ERFAHREN<\/a><\/p>\n<\/div><\/div><footer class=\"entry-footer\"><\/footer><\/article><\/div><div class=\"flex_column av_one_half  flex_column_div av-zero-column-padding   \" style='border-radius:0px; '><article class=\"iconbox iconbox_top main_color    no_symbol \"  itemscope=\"itemscope\" itemtype=\"https:\/\/schema.org\/CreativeWork\" ><div class=\"iconbox_content\"><header class=\"entry-content-header\"><div class=\"iconbox_icon heading-color \" aria-hidden='true' data-av_icon='\ue854' data-av_iconfont='entypo-fontello'  ><\/div><h3 class='iconbox_content_title '  itemprop=\"headline\"  ><a href='https:\/\/junge-erwachsene-mit-krebs.de\/jung-und-krebs\/angebote-in-deiner-naehe\/' title='MEETING POINTS'  >MEETING POINTS<\/a><\/h3><\/header><div class='iconbox_content_container  '  itemprop=\"text\"  ><p>Hier gibt es eine \u00dcbersichtskarte mit speziellen regionalen und bundesweiten Angeboten f\u00fcr junge Erwachsene mit Krebs.<\/p>\n<p><a href=\"https:\/\/junge-erwachsene-mit-krebs.de\/jung-und-krebs\/angebote-in-deiner-naehe\/\" rel=\"noopener\">MEHR ERFAHREN<\/a><\/p>\n<\/div><\/div><footer class=\"entry-footer\"><\/footer><\/article><\/div>\n\n","protected":false},"excerpt":{"rendered":"","protected":false},"author":1,"featured_media":0,"parent":8453,"menu_order":4,"comment_status":"closed","ping_status":"closed","template":"","meta":{"_acf_changed":false,"footnotes":""},"class_list":["post-8718","page","type-page","status-publish","hentry"],"acf":[],"yoast_head":"<!-- This site is optimized with the Yoast SEO Premium plugin v18.2.1 (Yoast SEO v24.6) - https:\/\/yoast.com\/wordpress\/plugins\/seo\/ -->\n<title>5\/ Think about tomorrow - DSFJEMK<\/title>\n<meta name=\"robots\" content=\"noindex, follow, max-snippet:-1, max-image-preview:large, max-video-preview:-1\" \/>\n<meta property=\"og:locale\" content=\"en_US\" \/>\n<meta property=\"og:type\" content=\"article\" \/>\n<meta property=\"og:title\" content=\"5\/ Think about tomorrow\" \/>\n<meta property=\"og:url\" content=\"https:\/\/te2.demo.hello-it.eu\/jung-und-krebs\/erste-hilfe\/5-denke-an-morgen\/\" \/>\n<meta property=\"og:site_name\" content=\"DSFJEMK\" \/>\n<meta property=\"article:modified_time\" content=\"2021-12-22T09:33:55+00:00\" \/>\n<meta property=\"og:image\" content=\"https:\/\/junge-erwachsene-mit-krebs.de\/wp-content\/uploads\/2019\/12\/Gefrorene-Eizelle-e1574092044893-300x166.png\" \/>\n<meta name=\"twitter:card\" content=\"summary_large_image\" \/>\n<meta name=\"twitter:label1\" content=\"Est. reading time\" \/>\n\t<meta name=\"twitter:data1\" content=\"7 minutes\" \/>\n<script type=\"application\/ld+json\" class=\"yoast-schema-graph\">{\"@context\":\"https:\/\/schema.org\",\"@graph\":[{\"@type\":\"WebPage\",\"@id\":\"https:\/\/te2.demo.hello-it.eu\/jung-und-krebs\/erste-hilfe\/5-denke-an-morgen\/\",\"url\":\"https:\/\/te2.demo.hello-it.eu\/jung-und-krebs\/erste-hilfe\/5-denke-an-morgen\/\",\"name\":\"5\/ Think about tomorrow - DSFJEMK\",\"isPartOf\":{\"@id\":\"https:\/\/te2.demo.hello-it.eu\/#website\"},\"primaryImageOfPage\":{\"@id\":\"https:\/\/te2.demo.hello-it.eu\/jung-und-krebs\/erste-hilfe\/5-denke-an-morgen\/#primaryimage\"},\"image\":{\"@id\":\"https:\/\/te2.demo.hello-it.eu\/jung-und-krebs\/erste-hilfe\/5-denke-an-morgen\/#primaryimage\"},\"thumbnailUrl\":\"https:\/\/junge-erwachsene-mit-krebs.de\/wp-content\/uploads\/2019\/12\/Gefrorene-Eizelle-e1574092044893-300x166.png\",\"datePublished\":\"2019-02-25T14:54:53+00:00\",\"dateModified\":\"2021-12-22T09:33:55+00:00\",\"breadcrumb\":{\"@id\":\"https:\/\/te2.demo.hello-it.eu\/jung-und-krebs\/erste-hilfe\/5-denke-an-morgen\/#breadcrumb\"},\"inLanguage\":\"en-US\",\"potentialAction\":[{\"@type\":\"ReadAction\",\"target\":[\"https:\/\/te2.demo.hello-it.eu\/jung-und-krebs\/erste-hilfe\/5-denke-an-morgen\/\"]}]},{\"@type\":\"ImageObject\",\"inLanguage\":\"en-US\",\"@id\":\"https:\/\/te2.demo.hello-it.eu\/jung-und-krebs\/erste-hilfe\/5-denke-an-morgen\/#primaryimage\",\"url\":\"https:\/\/junge-erwachsene-mit-krebs.de\/wp-content\/uploads\/2019\/12\/Gefrorene-Eizelle-e1574092044893-300x166.png\",\"contentUrl\":\"https:\/\/junge-erwachsene-mit-krebs.de\/wp-content\/uploads\/2019\/12\/Gefrorene-Eizelle-e1574092044893-300x166.png\"},{\"@type\":\"BreadcrumbList\",\"@id\":\"https:\/\/te2.demo.hello-it.eu\/jung-und-krebs\/erste-hilfe\/5-denke-an-morgen\/#breadcrumb\",\"itemListElement\":[{\"@type\":\"ListItem\",\"position\":1,\"name\":\"Startseite\",\"item\":\"https:\/\/te2.demo.hello-it.eu\/en\/\"},{\"@type\":\"ListItem\",\"position\":2,\"name\":\"Youth &#038; Cancer\",\"item\":\"https:\/\/te2.demo.hello-it.eu\/en\/youth-cancer\/\"},{\"@type\":\"ListItem\",\"position\":3,\"name\":\"First Aid\",\"item\":\"https:\/\/te2.demo.hello-it.eu\/en\/youth-cancer\/first-aid\/\"},{\"@type\":\"ListItem\",\"position\":4,\"name\":\"5\/ Think about tomorrow\"}]},{\"@type\":\"WebSite\",\"@id\":\"https:\/\/te2.demo.hello-it.eu\/#website\",\"url\":\"https:\/\/te2.demo.hello-it.eu\/\",\"name\":\"DSFJEMK\",\"description\":\"Deutsche Stiftung f\u00fcr junge Erwachsene mit Krebs\",\"publisher\":{\"@id\":\"https:\/\/te2.demo.hello-it.eu\/#organization\"},\"potentialAction\":[{\"@type\":\"SearchAction\",\"target\":{\"@type\":\"EntryPoint\",\"urlTemplate\":\"https:\/\/te2.demo.hello-it.eu\/?s={search_term_string}\"},\"query-input\":{\"@type\":\"PropertyValueSpecification\",\"valueRequired\":true,\"valueName\":\"search_term_string\"}}],\"inLanguage\":\"en-US\"},{\"@type\":\"Organization\",\"@id\":\"https:\/\/te2.demo.hello-it.eu\/#organization\",\"name\":\"Deutsche Stiftung f\u00fcr junge Erwachsene mit Krebs\",\"url\":\"https:\/\/te2.demo.hello-it.eu\/\",\"logo\":{\"@type\":\"ImageObject\",\"inLanguage\":\"en-US\",\"@id\":\"https:\/\/te2.demo.hello-it.eu\/#\/schema\/logo\/image\/\",\"url\":\"https:\/\/te2.demo.hello-it.eu\/wp-content\/uploads\/2018\/09\/Logo_DSfjEmK-2018.jpg\",\"contentUrl\":\"https:\/\/te2.demo.hello-it.eu\/wp-content\/uploads\/2018\/09\/Logo_DSfjEmK-2018.jpg\",\"width\":1000,\"height\":1000,\"caption\":\"Deutsche Stiftung f\u00fcr junge Erwachsene mit Krebs\"},\"image\":{\"@id\":\"https:\/\/te2.demo.hello-it.eu\/#\/schema\/logo\/image\/\"}}]}<\/script>\n<!-- \/ Yoast SEO Premium plugin. -->","yoast_head_json":{"title":"5\/ Think about tomorrow - DSFJEMK","robots":{"index":"noindex","follow":"follow","max-snippet":"max-snippet:-1","max-image-preview":"max-image-preview:large","max-video-preview":"max-video-preview:-1"},"og_locale":"en_US","og_type":"article","og_title":"5\/ Think about tomorrow","og_url":"https:\/\/te2.demo.hello-it.eu\/jung-und-krebs\/erste-hilfe\/5-denke-an-morgen\/","og_site_name":"DSFJEMK","article_modified_time":"2021-12-22T09:33:55+00:00","og_image":[{"url":"https:\/\/junge-erwachsene-mit-krebs.de\/wp-content\/uploads\/2019\/12\/Gefrorene-Eizelle-e1574092044893-300x166.png","type":"","width":"","height":""}],"twitter_card":"summary_large_image","twitter_misc":{"Est. reading time":"7 minutes"},"schema":{"@context":"https:\/\/schema.org","@graph":[{"@type":"WebPage","@id":"https:\/\/te2.demo.hello-it.eu\/jung-und-krebs\/erste-hilfe\/5-denke-an-morgen\/","url":"https:\/\/te2.demo.hello-it.eu\/jung-und-krebs\/erste-hilfe\/5-denke-an-morgen\/","name":"5\/ Think about tomorrow - DSFJEMK","isPartOf":{"@id":"https:\/\/te2.demo.hello-it.eu\/#website"},"primaryImageOfPage":{"@id":"https:\/\/te2.demo.hello-it.eu\/jung-und-krebs\/erste-hilfe\/5-denke-an-morgen\/#primaryimage"},"image":{"@id":"https:\/\/te2.demo.hello-it.eu\/jung-und-krebs\/erste-hilfe\/5-denke-an-morgen\/#primaryimage"},"thumbnailUrl":"https:\/\/junge-erwachsene-mit-krebs.de\/wp-content\/uploads\/2019\/12\/Gefrorene-Eizelle-e1574092044893-300x166.png","datePublished":"2019-02-25T14:54:53+00:00","dateModified":"2021-12-22T09:33:55+00:00","breadcrumb":{"@id":"https:\/\/te2.demo.hello-it.eu\/jung-und-krebs\/erste-hilfe\/5-denke-an-morgen\/#breadcrumb"},"inLanguage":"en-US","potentialAction":[{"@type":"ReadAction","target":["https:\/\/te2.demo.hello-it.eu\/jung-und-krebs\/erste-hilfe\/5-denke-an-morgen\/"]}]},{"@type":"ImageObject","inLanguage":"en-US","@id":"https:\/\/te2.demo.hello-it.eu\/jung-und-krebs\/erste-hilfe\/5-denke-an-morgen\/#primaryimage","url":"https:\/\/junge-erwachsene-mit-krebs.de\/wp-content\/uploads\/2019\/12\/Gefrorene-Eizelle-e1574092044893-300x166.png","contentUrl":"https:\/\/junge-erwachsene-mit-krebs.de\/wp-content\/uploads\/2019\/12\/Gefrorene-Eizelle-e1574092044893-300x166.png"},{"@type":"BreadcrumbList","@id":"https:\/\/te2.demo.hello-it.eu\/jung-und-krebs\/erste-hilfe\/5-denke-an-morgen\/#breadcrumb","itemListElement":[{"@type":"ListItem","position":1,"name":"Startseite","item":"https:\/\/te2.demo.hello-it.eu\/en\/"},{"@type":"ListItem","position":2,"name":"Youth &#038; Cancer","item":"https:\/\/te2.demo.hello-it.eu\/en\/youth-cancer\/"},{"@type":"ListItem","position":3,"name":"First Aid","item":"https:\/\/te2.demo.hello-it.eu\/en\/youth-cancer\/first-aid\/"},{"@type":"ListItem","position":4,"name":"5\/ Think about tomorrow"}]},{"@type":"WebSite","@id":"https:\/\/te2.demo.hello-it.eu\/#website","url":"https:\/\/te2.demo.hello-it.eu\/","name":"DSFJEMK","description":"Deutsche Stiftung f\u00fcr junge Erwachsene mit Krebs","publisher":{"@id":"https:\/\/te2.demo.hello-it.eu\/#organization"},"potentialAction":[{"@type":"SearchAction","target":{"@type":"EntryPoint","urlTemplate":"https:\/\/te2.demo.hello-it.eu\/?s={search_term_string}"},"query-input":{"@type":"PropertyValueSpecification","valueRequired":true,"valueName":"search_term_string"}}],"inLanguage":"en-US"},{"@type":"Organization","@id":"https:\/\/te2.demo.hello-it.eu\/#organization","name":"Deutsche Stiftung f\u00fcr junge Erwachsene mit Krebs","url":"https:\/\/te2.demo.hello-it.eu\/","logo":{"@type":"ImageObject","inLanguage":"en-US","@id":"https:\/\/te2.demo.hello-it.eu\/#\/schema\/logo\/image\/","url":"https:\/\/te2.demo.hello-it.eu\/wp-content\/uploads\/2018\/09\/Logo_DSfjEmK-2018.jpg","contentUrl":"https:\/\/te2.demo.hello-it.eu\/wp-content\/uploads\/2018\/09\/Logo_DSfjEmK-2018.jpg","width":1000,"height":1000,"caption":"Deutsche Stiftung f\u00fcr junge Erwachsene mit Krebs"},"image":{"@id":"https:\/\/te2.demo.hello-it.eu\/#\/schema\/logo\/image\/"}}]}},"_links":{"self":[{"href":"https:\/\/te2.demo.hello-it.eu\/en\/wp-json\/wp\/v2\/pages\/8718","targetHints":{"allow":["GET"]}}],"collection":[{"href":"https:\/\/te2.demo.hello-it.eu\/en\/wp-json\/wp\/v2\/pages"}],"about":[{"href":"https:\/\/te2.demo.hello-it.eu\/en\/wp-json\/wp\/v2\/types\/page"}],"author":[{"embeddable":true,"href":"https:\/\/te2.demo.hello-it.eu\/en\/wp-json\/wp\/v2\/users\/1"}],"replies":[{"embeddable":true,"href":"https:\/\/te2.demo.hello-it.eu\/en\/wp-json\/wp\/v2\/comments?post=8718"}],"version-history":[{"count":14,"href":"https:\/\/te2.demo.hello-it.eu\/en\/wp-json\/wp\/v2\/pages\/8718\/revisions"}],"predecessor-version":[{"id":17733,"href":"https:\/\/te2.demo.hello-it.eu\/en\/wp-json\/wp\/v2\/pages\/8718\/revisions\/17733"}],"up":[{"embeddable":true,"href":"https:\/\/te2.demo.hello-it.eu\/en\/wp-json\/wp\/v2\/pages\/8453"}],"wp:attachment":[{"href":"https:\/\/te2.demo.hello-it.eu\/en\/wp-json\/wp\/v2\/media?parent=8718"}],"curies":[{"name":"wp","href":"https:\/\/api.w.org\/{rel}","templated":true}]}}