{"id":8700,"date":"2019-02-25T15:13:06","date_gmt":"2019-02-25T14:13:06","guid":{"rendered":"https:\/\/junge-erwachsene-mit-krebs.de\/jung-krebs\/erste-hilfe\/3-get-informed\/"},"modified":"2021-12-22T10:33:49","modified_gmt":"2021-12-22T09:33:49","slug":"3-get-informed","status":"publish","type":"page","link":"https:\/\/te2.demo.hello-it.eu\/en\/youth-cancer\/first-aid\/3-get-informed\/","title":{"rendered":"3\/ Get informed"},"content":{"rendered":"<section class=\"av_textblock_section \"  itemscope=\"itemscope\" itemtype=\"https:\/\/schema.org\/CreativeWork\" ><div class='avia_textblock  '   itemprop=\"text\" ><h2 style=\"text-align: center;\">3\/ Informiere dich<br \/>\nTriff Deine eigenen Entscheidungen<\/h2>\n<\/div><\/section>\n<div class='avia-image-container  av-styling-     avia-align-center '  itemprop=\"ImageObject\" itemscope=\"itemscope\" itemtype=\"https:\/\/schema.org\/ImageObject\"  ><div class='avia-image-container-inner'><div class='avia-image-overlay-wrap'><img class='avia_image ' src='https:\/\/te2.demo.hello-it.eu\/wp-content\/uploads\/2018\/09\/header_timur_01-1030x464.png' alt='' title='header_timur_01' height=\"464\"width=\"1030\"  itemprop=\"thumbnailUrl\"  \/><\/div><\/div><\/div>\n<section class=\"av_textblock_section \"  itemscope=\"itemscope\" itemtype=\"https:\/\/schema.org\/CreativeWork\" ><div class='avia_textblock  '   itemprop=\"text\" ><p>Krebs ist nicht gleich Krebs! Warte ab, bis alle medizinischen Informationen vorliegen. Oft sind noch weitere Untersuchungen notwendig, um genaue Aussagen und damit Entscheidungen zu treffen.<\/p>\n<p>Lasse Dir die Erkrankung, anstehende Untersuchungen und Behandlungen genau von Deinen \u00c4rzten erkl\u00e4ren. Frage auch nach den m\u00f6glichen Nebenwirkungen sowie den Sp\u00e4t- und Langzeitfolgen.<\/p>\n<p>Informiere Dich \u00fcber Deine Erkrankung. Du hast bestimmt schon danach gegoogelt. Achte aber genau auf die Qualit\u00e4t Deiner Informationsquellen, oft kann man unseri\u00f6se Webseiten nicht auf den ersten Blick erkennen.<\/p>\n<p>Fast nichts muss sofort passieren: Situationen, bei denen man nicht wenigstens eine Nacht warten, weitere Informationen besorgen und \u00fcberlegen kann, gibt es selten. Lasse Dich nicht unter Druck setzen.<\/p>\n<p>Informiere Dich auch zu dem Thema Fertilit\u00e4t (Fruchtbarkeit). In dem Abschnitt \u201e<a href=\"https:\/\/junge-erwachsene-mit-krebs.de\/youth-cancer\/first-aid\/5-think-about-tomorrow\/?lang=en\">Denke an morgen \u2013 Lasse Dir Deine Chancen nicht nehmen<\/a>\u201c findest Du weitere Informationen dazu.<\/p>\n<p><img loading=\"lazy\" decoding=\"async\" class=\"size-full wp-image-5518 alignleft\" src=\"https:\/\/junge-erwachsene-mit-krebs.de\/wp-content\/uploads\/2018\/10\/Button-Tipp.png\" alt=\"\" width=\"60\" height=\"60\" srcset=\"https:\/\/te2.demo.hello-it.eu\/wp-content\/uploads\/2018\/10\/Button-Tipp.png 60w, https:\/\/te2.demo.hello-it.eu\/wp-content\/uploads\/2018\/10\/Button-Tipp-36x36.png 36w\" sizes=\"auto, (max-width: 60px) 100vw, 60px\" \/><\/p>\n<p>Seri\u00f6se und hilfereiche<br \/>\nInformationen:<\/p>\n<ul>\n<li>Eine gute erste Informationsquelle ist der <a href=\"https:\/\/www.krebsinformationsdienst.de\/\" target=\"_blank\" rel=\"noopener\">Krebsinformationsdienst<\/a><\/li>\n<li>Empfehlenswert sind die gedruckten oder auch digitalen \u201e<a href=\"https:\/\/www.krebshilfe.de\/informieren\/ueber-krebs\/infothek\/infomaterial-kategorie\/die-blauen-ratgeber\/?L=0\" target=\"_blank\" rel=\"noopener\">Blauen Ratgeber<\/a>\u201c der Deutschen Krebshilfe und \u201e<a href=\"https:\/\/www.onkopedia.com\/de\/my-onkopedia\/guidelines\" target=\"_blank\" rel=\"noopener\">Patienten Onkopedia<\/a>\u201c empfohlen.<\/li>\n<li>Weitere <a href=\"https:\/\/junge-erwachsene-mit-krebs.de\/jung-und-krebs\/angebote-in-deiner-naehe\/?event_category_name=Informationsportale %26 Foren\" data-wplink-url-error=\"true\">Informationsportale<\/a> findest Du hier.<\/li>\n<li>Pers\u00f6nliche Beratungen bekommst Du bei den Krebsberatungsstellen und speziellen Anlaufstellen f\u00fcr verschiedenen Erkrankungen. (z.B. Hirntumorhilfe). Eine Krebsberatungsstelle in Deiner N\u00e4he findest Du <a href=\"https:\/\/www.krebsinformationsdienst.de\/wegweiser\/adressen\/krebsberatungsstellen.php#results\" target=\"_blank\" rel=\"noopener\">hier<\/a>.<\/li>\n<li>Bei Fragen rund um das Thema \u201eJob und Geld\u201c kannst Du Dich an das <a href=\"https:\/\/junge-erwachsene-mit-krebs.de\/youth-cancer\/young-cancer-portal\/?lang=en\" target=\"_blank\" rel=\"noopener\">JUNGE KREBSPORTAL<\/a> wenden.<\/li>\n<\/ul>\n<p><img loading=\"lazy\" decoding=\"async\" class=\"size-full wp-image-5518 alignleft\" src=\"https:\/\/junge-erwachsene-mit-krebs.de\/wp-content\/uploads\/2018\/10\/Button-Tipp.png\" alt=\"\" width=\"60\" height=\"60\" srcset=\"https:\/\/te2.demo.hello-it.eu\/wp-content\/uploads\/2018\/10\/Button-Tipp.png 60w, https:\/\/te2.demo.hello-it.eu\/wp-content\/uploads\/2018\/10\/Button-Tipp-36x36.png 36w\" sizes=\"auto, (max-width: 60px) 100vw, 60px\" \/> Frage auch Deine \u00c4rztin nach hilfreichen<br \/>\nund anschaulichen Materialen.<\/p>\n<p>Aber es gilt auch: Priorit\u00e4ten setzen! Informiere Dich an den angegebenen Stellen und dann gen\u00fcgt es f\u00fcr das Erste. Sp\u00e4ter kannst Du weitere Informationen einholen.<\/p>\n<\/div><\/section>\n<div class='avia-icon-list-container   '><ul class='avia-icon-list avia-icon-list-left av-iconlist-big avia_animate_when_almost_visible'>\n<li><a href='https:\/\/www.youtube.com\/channel\/UCn3xyh5bRn6N3tEq8guwHKw\/playlists?sort=dd&amp;view=50&amp;shelf_id=4' title='Click here to see all the video messages'  target=\"_blank\"   class='iconlist_icon  avia-font-fontello'><span class='iconlist-char ' aria-hidden='true' data-av_icon='\ue805' data-av_iconfont='fontello'><\/span><\/a><article class=\"article-icon-entry av-iconlist-empty\"  itemscope=\"itemscope\" itemtype=\"https:\/\/schema.org\/CreativeWork\" ><div class='iconlist_content_wrap'><header class=\"entry-content-header\"><h4 class='av_iconlist_title iconlist_title  '  itemprop=\"headline\"  ><a href='https:\/\/www.youtube.com\/channel\/UCn3xyh5bRn6N3tEq8guwHKw\/playlists?sort=dd&amp;view=50&amp;shelf_id=4' title='Click here to see all the video messages' target=\"_blank\" >Click here to see all the video messages<\/a><\/h4><\/header><div class='iconlist_content  '  itemprop=\"text\"  ><\/div><\/div><footer class=\"entry-footer\"><\/footer><\/article><div class='iconlist-timeline'><\/div><\/li>\n<\/ul><\/div>\n<div class='avia-video avia-video-16-9   av-lazyload-immediate  av-lazyload-video-embed  '   itemprop=\"video\" itemtype=\"https:\/\/schema.org\/VideoObject\"  data-original_url='https:\/\/www.youtube.com\/watch?list=PL6RimTJ448esuVAJFhuvsHFsk3TqX2Bb2&v=FtMFjAjHtyw' ><script type='text\/html' class='av-video-tmpl'><div class='avia-iframe-wrap'><iframe loading=\"lazy\" width=\"1500\" height=\"844\" src=\"https:\/\/www.youtube.com\/embed\/videoseries?list=PL6RimTJ448esuVAJFhuvsHFsk3TqX2Bb2\" frameborder=\"0\" allow=\"accelerometer; autoplay; encrypted-media; gyroscope; picture-in-picture\" allowfullscreen><\/iframe><\/div><\/script><div class='av-click-to-play-overlay'><div class=\"avia_playpause_icon\"><\/div><\/div><\/div>\n<div class='avia-icon-list-container   '><ul class='avia-icon-list avia-icon-list-left av-iconlist-big avia_animate_when_almost_visible'>\n<li><a href='https:\/\/junge-erwachsene-mit-krebs.de\/wp-content\/uploads\/2018\/09\/Jung-und-Krebs-Erste-Hilfe-Flyer.pdf' title='Flyer &quot;Youth &amp; Cancer \u2013 First Aid \u2013 Tips from affected people&quot;'  target=\"_blank\"   class='iconlist_icon  avia-font-entypo-fontello'><span class='iconlist-char ' aria-hidden='true' data-av_icon='\ue82d' data-av_iconfont='entypo-fontello'><\/span><\/a><article class=\"article-icon-entry \"  itemscope=\"itemscope\" itemtype=\"https:\/\/schema.org\/CreativeWork\" ><div class='iconlist_content_wrap'><header class=\"entry-content-header\"><h4 class='av_iconlist_title iconlist_title  '  itemprop=\"headline\"  ><a href='https:\/\/junge-erwachsene-mit-krebs.de\/wp-content\/uploads\/2018\/09\/Jung-und-Krebs-Erste-Hilfe-Flyer.pdf' title='Flyer &quot;Youth &amp; Cancer \u2013 First Aid \u2013 Tips from affected people&quot;' target=\"_blank\" >Flyer &quot;Youth &amp; Cancer \u2013 First Aid \u2013 Tips from affected people&quot;<\/a><\/h4><\/header><div class='iconlist_content  '  itemprop=\"text\"  ><p>PDF, 379kb<\/p>\n<\/div><\/div><footer class=\"entry-footer\"><\/footer><\/article><div class='iconlist-timeline'><\/div><\/li>\n<li><a href='mailto:info@junge-erwachsene-mit-krebs.de' title='Order the &quot;Youth &amp; Cancer \u2013 First Aid \u2013 Tips from affected people&quot; flyer by mail'  target=\"_blank\"   class='iconlist_icon  avia-font-entypo-fontello'><span class='iconlist-char ' aria-hidden='true' data-av_icon='\ue805' data-av_iconfont='entypo-fontello'><\/span><\/a><article class=\"article-icon-entry av-iconlist-empty\"  itemscope=\"itemscope\" itemtype=\"https:\/\/schema.org\/CreativeWork\" ><div class='iconlist_content_wrap'><header class=\"entry-content-header\"><h4 class='av_iconlist_title iconlist_title  '  itemprop=\"headline\"  ><a href='mailto:info@junge-erwachsene-mit-krebs.de' title='Order the &quot;Youth &amp; Cancer \u2013 First Aid \u2013 Tips from affected people&quot; flyer by mail' target=\"_blank\" >Order the &quot;Youth &amp; Cancer \u2013 First Aid \u2013 Tips from affected people&quot; flyer by mail<\/a><\/h4><\/header><div class='iconlist_content  '  itemprop=\"text\"  ><\/div><\/div><footer class=\"entry-footer\"><\/footer><\/article><div class='iconlist-timeline'><\/div><\/li>\n<\/ul><\/div>\n<\/div><\/div><\/div><!-- close content main div --><\/div><\/div><div id='av_section_1' class='avia-section main_color avia-section-default avia-no-border-styling avia-bg-style-scroll  contact_header_area  container_wrap fullsize' style = 'background-image: '  ><div class='container' ><div class='template-page content  av-content-full alpha units'><div class='post-entry post-entry-type-page post-entry-8700'><div class='entry-content-wrapper clearfix'>\n<section class=\"av_textblock_section \"  itemscope=\"itemscope\" itemtype=\"https:\/\/schema.org\/CreativeWork\" ><div class='avia_textblock  '   itemprop=\"text\" ><p>Ansprechpartnerin<\/p>\n<p><img loading=\"lazy\" decoding=\"async\" class=\"alignnone wp-image-14640 size-thumbnail\" src=\"https:\/\/junge-erwachsene-mit-krebs.de\/wp-content\/uploads\/2020\/08\/Kristina-Portr\u00e4tbild-2020-scaled-e1597308400989-80x80.jpg\" alt=\"\" width=\"80\" height=\"80\" srcset=\"https:\/\/te2.demo.hello-it.eu\/wp-content\/uploads\/2020\/08\/Kristina-Portr\u00e4tbild-2020-scaled-e1597308400989-80x80.jpg 80w, https:\/\/te2.demo.hello-it.eu\/wp-content\/uploads\/2020\/08\/Kristina-Portr\u00e4tbild-2020-scaled-e1597308400989-300x300.jpg 300w, https:\/\/te2.demo.hello-it.eu\/wp-content\/uploads\/2020\/08\/Kristina-Portr\u00e4tbild-2020-scaled-e1597308400989-1030x1030.jpg 1030w, https:\/\/te2.demo.hello-it.eu\/wp-content\/uploads\/2020\/08\/Kristina-Portr\u00e4tbild-2020-scaled-e1597308400989-768x768.jpg 768w, https:\/\/te2.demo.hello-it.eu\/wp-content\/uploads\/2020\/08\/Kristina-Portr\u00e4tbild-2020-scaled-e1597308400989-36x36.jpg 36w, https:\/\/te2.demo.hello-it.eu\/wp-content\/uploads\/2020\/08\/Kristina-Portr\u00e4tbild-2020-scaled-e1597308400989-180x180.jpg 180w, https:\/\/te2.demo.hello-it.eu\/wp-content\/uploads\/2020\/08\/Kristina-Portr\u00e4tbild-2020-scaled-e1597308400989-705x705.jpg 705w, https:\/\/te2.demo.hello-it.eu\/wp-content\/uploads\/2020\/08\/Kristina-Portr\u00e4tbild-2020-scaled-e1597308400989-120x120.jpg 120w, https:\/\/te2.demo.hello-it.eu\/wp-content\/uploads\/2020\/08\/Kristina-Portr\u00e4tbild-2020-scaled-e1597308400989-450x450.jpg 450w, https:\/\/te2.demo.hello-it.eu\/wp-content\/uploads\/2020\/08\/Kristina-Portr\u00e4tbild-2020-scaled-e1597308400989.jpg 1107w\" sizes=\"auto, (max-width: 80px) 100vw, 80px\" \/>Kristina Lehmann<\/p>\n<p>T: 030 28 09 30 56 0<\/p>\n<p><a href=\"mailto:k.lehmann@junge-erwachsene-mit-krebs.de\">E-Mail schreiben<\/a><\/p>\n<\/div><\/section>\n\n<\/div><\/div><\/div><!-- close content main div --><\/div><\/div><div id='av_section_2' class='avia-section main_color avia-section-default avia-no-border-styling avia-bg-style-scroll    container_wrap fullsize' style = 'background-color: #fafafa; background-image: '  ><div class='container' ><div class='template-page content  av-content-full alpha units'><div class='post-entry post-entry-type-page post-entry-8700'><div class='entry-content-wrapper clearfix'>\n<div class=\"flex_column av_one_half  flex_column_div av-zero-column-padding first  \" style='border-radius:0px; '><article class=\"iconbox iconbox_top main_color    no_symbol \"  itemscope=\"itemscope\" itemtype=\"https:\/\/schema.org\/CreativeWork\" ><div class=\"iconbox_content\"><header class=\"entry-content-header\"><div class=\"iconbox_icon heading-color \" aria-hidden='true' data-av_icon='\ue854' data-av_iconfont='entypo-fontello'  ><\/div><h3 class='iconbox_content_title '  itemprop=\"headline\"  ><a href='https:\/\/www.junges-krebsportal.de\/' title='YOUNG CANCER PORTAL'  target=\"_blank\"  >YOUNG CANCER PORTAL<\/a><\/h3><\/header><div class='iconbox_content_container  '  itemprop=\"text\"  ><p>Umfassende Informationen, individuelle und kompetente Beratung durch Experten und Online-Sprechstunden f\u00fcr junge Krebspatienten.<\/p>\n<p><a href=\"https:\/\/www.junges-krebsportal.de\/\" target=\"_blank\" rel=\"noopener\">MEHR ERFAHREN<\/a><\/p>\n<\/div><\/div><footer class=\"entry-footer\"><\/footer><\/article><\/div><div class=\"flex_column av_one_half  flex_column_div av-zero-column-padding   \" style='border-radius:0px; '><article class=\"iconbox iconbox_top main_color    no_symbol \"  itemscope=\"itemscope\" itemtype=\"https:\/\/schema.org\/CreativeWork\" ><div class=\"iconbox_content\"><header class=\"entry-content-header\"><div class=\"iconbox_icon heading-color \" aria-hidden='true' data-av_icon='\ue854' data-av_iconfont='entypo-fontello'  ><\/div><h3 class='iconbox_content_title '  itemprop=\"headline\"  ><a href='https:\/\/junge-erwachsene-mit-krebs.de\/jung-und-krebs\/angebote-in-deiner-naehe\/' title='MEETING POINTS'  >MEETING POINTS<\/a><\/h3><\/header><div class='iconbox_content_container  '  itemprop=\"text\"  ><p>Hier gibt es eine \u00dcbersichtskarte mit speziellen regionalen und bundesweiten Angeboten f\u00fcr junge Erwachsene mit Krebs.<\/p>\n<p><a href=\"https:\/\/junge-erwachsene-mit-krebs.de\/jung-und-krebs\/angebote-in-deiner-naehe\/\" rel=\"noopener\">MEHR ERFAHREN<\/a><\/p>\n<\/div><\/div><footer class=\"entry-footer\"><\/footer><\/article><\/div>\n\n","protected":false},"excerpt":{"rendered":"","protected":false},"author":1,"featured_media":0,"parent":8453,"menu_order":2,"comment_status":"closed","ping_status":"closed","template":"","meta":{"_acf_changed":false,"footnotes":""},"class_list":["post-8700","page","type-page","status-publish","hentry"],"acf":[],"yoast_head":"<!-- This site is optimized with the Yoast SEO Premium plugin v18.2.1 (Yoast SEO v24.6) - https:\/\/yoast.com\/wordpress\/plugins\/seo\/ -->\n<title>3\/ Get informed - DSFJEMK<\/title>\n<meta name=\"robots\" content=\"noindex, follow, max-snippet:-1, max-image-preview:large, max-video-preview:-1\" \/>\n<meta property=\"og:locale\" content=\"en_US\" \/>\n<meta property=\"og:type\" content=\"article\" \/>\n<meta property=\"og:title\" content=\"3\/ Get informed\" \/>\n<meta property=\"og:url\" content=\"https:\/\/te2.demo.hello-it.eu\/jung-und-krebs\/erste-hilfe\/3-informiere-dich\/\" \/>\n<meta property=\"og:site_name\" content=\"DSFJEMK\" \/>\n<meta property=\"article:modified_time\" content=\"2021-12-22T09:33:49+00:00\" \/>\n<meta property=\"og:image\" content=\"https:\/\/junge-erwachsene-mit-krebs.de\/wp-content\/uploads\/2018\/10\/Button-Tipp.png\" \/>\n<meta name=\"twitter:card\" content=\"summary_large_image\" \/>\n<meta name=\"twitter:label1\" content=\"Est. reading time\" \/>\n\t<meta name=\"twitter:data1\" content=\"6 minutes\" \/>\n<script type=\"application\/ld+json\" class=\"yoast-schema-graph\">{\"@context\":\"https:\/\/schema.org\",\"@graph\":[{\"@type\":\"WebPage\",\"@id\":\"https:\/\/te2.demo.hello-it.eu\/jung-und-krebs\/erste-hilfe\/3-informiere-dich\/\",\"url\":\"https:\/\/te2.demo.hello-it.eu\/jung-und-krebs\/erste-hilfe\/3-informiere-dich\/\",\"name\":\"3\/ Get informed - DSFJEMK\",\"isPartOf\":{\"@id\":\"https:\/\/te2.demo.hello-it.eu\/#website\"},\"primaryImageOfPage\":{\"@id\":\"https:\/\/te2.demo.hello-it.eu\/jung-und-krebs\/erste-hilfe\/3-informiere-dich\/#primaryimage\"},\"image\":{\"@id\":\"https:\/\/te2.demo.hello-it.eu\/jung-und-krebs\/erste-hilfe\/3-informiere-dich\/#primaryimage\"},\"thumbnailUrl\":\"https:\/\/junge-erwachsene-mit-krebs.de\/wp-content\/uploads\/2018\/10\/Button-Tipp.png\",\"datePublished\":\"2019-02-25T14:13:06+00:00\",\"dateModified\":\"2021-12-22T09:33:49+00:00\",\"breadcrumb\":{\"@id\":\"https:\/\/te2.demo.hello-it.eu\/jung-und-krebs\/erste-hilfe\/3-informiere-dich\/#breadcrumb\"},\"inLanguage\":\"en-US\",\"potentialAction\":[{\"@type\":\"ReadAction\",\"target\":[\"https:\/\/te2.demo.hello-it.eu\/jung-und-krebs\/erste-hilfe\/3-informiere-dich\/\"]}]},{\"@type\":\"ImageObject\",\"inLanguage\":\"en-US\",\"@id\":\"https:\/\/te2.demo.hello-it.eu\/jung-und-krebs\/erste-hilfe\/3-informiere-dich\/#primaryimage\",\"url\":\"https:\/\/junge-erwachsene-mit-krebs.de\/wp-content\/uploads\/2018\/10\/Button-Tipp.png\",\"contentUrl\":\"https:\/\/junge-erwachsene-mit-krebs.de\/wp-content\/uploads\/2018\/10\/Button-Tipp.png\"},{\"@type\":\"BreadcrumbList\",\"@id\":\"https:\/\/te2.demo.hello-it.eu\/jung-und-krebs\/erste-hilfe\/3-informiere-dich\/#breadcrumb\",\"itemListElement\":[{\"@type\":\"ListItem\",\"position\":1,\"name\":\"Startseite\",\"item\":\"https:\/\/te2.demo.hello-it.eu\/en\/\"},{\"@type\":\"ListItem\",\"position\":2,\"name\":\"Youth &#038; Cancer\",\"item\":\"https:\/\/te2.demo.hello-it.eu\/en\/youth-cancer\/\"},{\"@type\":\"ListItem\",\"position\":3,\"name\":\"First Aid\",\"item\":\"https:\/\/te2.demo.hello-it.eu\/en\/youth-cancer\/first-aid\/\"},{\"@type\":\"ListItem\",\"position\":4,\"name\":\"3\/ Get informed\"}]},{\"@type\":\"WebSite\",\"@id\":\"https:\/\/te2.demo.hello-it.eu\/#website\",\"url\":\"https:\/\/te2.demo.hello-it.eu\/\",\"name\":\"DSFJEMK\",\"description\":\"Deutsche Stiftung f\u00fcr junge Erwachsene mit Krebs\",\"publisher\":{\"@id\":\"https:\/\/te2.demo.hello-it.eu\/#organization\"},\"potentialAction\":[{\"@type\":\"SearchAction\",\"target\":{\"@type\":\"EntryPoint\",\"urlTemplate\":\"https:\/\/te2.demo.hello-it.eu\/?s={search_term_string}\"},\"query-input\":{\"@type\":\"PropertyValueSpecification\",\"valueRequired\":true,\"valueName\":\"search_term_string\"}}],\"inLanguage\":\"en-US\"},{\"@type\":\"Organization\",\"@id\":\"https:\/\/te2.demo.hello-it.eu\/#organization\",\"name\":\"Deutsche Stiftung f\u00fcr junge Erwachsene mit Krebs\",\"url\":\"https:\/\/te2.demo.hello-it.eu\/\",\"logo\":{\"@type\":\"ImageObject\",\"inLanguage\":\"en-US\",\"@id\":\"https:\/\/te2.demo.hello-it.eu\/#\/schema\/logo\/image\/\",\"url\":\"https:\/\/te2.demo.hello-it.eu\/wp-content\/uploads\/2018\/09\/Logo_DSfjEmK-2018.jpg\",\"contentUrl\":\"https:\/\/te2.demo.hello-it.eu\/wp-content\/uploads\/2018\/09\/Logo_DSfjEmK-2018.jpg\",\"width\":1000,\"height\":1000,\"caption\":\"Deutsche Stiftung f\u00fcr junge Erwachsene mit Krebs\"},\"image\":{\"@id\":\"https:\/\/te2.demo.hello-it.eu\/#\/schema\/logo\/image\/\"}}]}<\/script>\n<!-- \/ Yoast SEO Premium plugin. -->","yoast_head_json":{"title":"3\/ Get informed - DSFJEMK","robots":{"index":"noindex","follow":"follow","max-snippet":"max-snippet:-1","max-image-preview":"max-image-preview:large","max-video-preview":"max-video-preview:-1"},"og_locale":"en_US","og_type":"article","og_title":"3\/ Get informed","og_url":"https:\/\/te2.demo.hello-it.eu\/jung-und-krebs\/erste-hilfe\/3-informiere-dich\/","og_site_name":"DSFJEMK","article_modified_time":"2021-12-22T09:33:49+00:00","og_image":[{"url":"https:\/\/junge-erwachsene-mit-krebs.de\/wp-content\/uploads\/2018\/10\/Button-Tipp.png","type":"","width":"","height":""}],"twitter_card":"summary_large_image","twitter_misc":{"Est. reading time":"6 minutes"},"schema":{"@context":"https:\/\/schema.org","@graph":[{"@type":"WebPage","@id":"https:\/\/te2.demo.hello-it.eu\/jung-und-krebs\/erste-hilfe\/3-informiere-dich\/","url":"https:\/\/te2.demo.hello-it.eu\/jung-und-krebs\/erste-hilfe\/3-informiere-dich\/","name":"3\/ Get informed - DSFJEMK","isPartOf":{"@id":"https:\/\/te2.demo.hello-it.eu\/#website"},"primaryImageOfPage":{"@id":"https:\/\/te2.demo.hello-it.eu\/jung-und-krebs\/erste-hilfe\/3-informiere-dich\/#primaryimage"},"image":{"@id":"https:\/\/te2.demo.hello-it.eu\/jung-und-krebs\/erste-hilfe\/3-informiere-dich\/#primaryimage"},"thumbnailUrl":"https:\/\/junge-erwachsene-mit-krebs.de\/wp-content\/uploads\/2018\/10\/Button-Tipp.png","datePublished":"2019-02-25T14:13:06+00:00","dateModified":"2021-12-22T09:33:49+00:00","breadcrumb":{"@id":"https:\/\/te2.demo.hello-it.eu\/jung-und-krebs\/erste-hilfe\/3-informiere-dich\/#breadcrumb"},"inLanguage":"en-US","potentialAction":[{"@type":"ReadAction","target":["https:\/\/te2.demo.hello-it.eu\/jung-und-krebs\/erste-hilfe\/3-informiere-dich\/"]}]},{"@type":"ImageObject","inLanguage":"en-US","@id":"https:\/\/te2.demo.hello-it.eu\/jung-und-krebs\/erste-hilfe\/3-informiere-dich\/#primaryimage","url":"https:\/\/junge-erwachsene-mit-krebs.de\/wp-content\/uploads\/2018\/10\/Button-Tipp.png","contentUrl":"https:\/\/junge-erwachsene-mit-krebs.de\/wp-content\/uploads\/2018\/10\/Button-Tipp.png"},{"@type":"BreadcrumbList","@id":"https:\/\/te2.demo.hello-it.eu\/jung-und-krebs\/erste-hilfe\/3-informiere-dich\/#breadcrumb","itemListElement":[{"@type":"ListItem","position":1,"name":"Startseite","item":"https:\/\/te2.demo.hello-it.eu\/en\/"},{"@type":"ListItem","position":2,"name":"Youth &#038; Cancer","item":"https:\/\/te2.demo.hello-it.eu\/en\/youth-cancer\/"},{"@type":"ListItem","position":3,"name":"First Aid","item":"https:\/\/te2.demo.hello-it.eu\/en\/youth-cancer\/first-aid\/"},{"@type":"ListItem","position":4,"name":"3\/ Get informed"}]},{"@type":"WebSite","@id":"https:\/\/te2.demo.hello-it.eu\/#website","url":"https:\/\/te2.demo.hello-it.eu\/","name":"DSFJEMK","description":"Deutsche Stiftung f\u00fcr junge Erwachsene mit Krebs","publisher":{"@id":"https:\/\/te2.demo.hello-it.eu\/#organization"},"potentialAction":[{"@type":"SearchAction","target":{"@type":"EntryPoint","urlTemplate":"https:\/\/te2.demo.hello-it.eu\/?s={search_term_string}"},"query-input":{"@type":"PropertyValueSpecification","valueRequired":true,"valueName":"search_term_string"}}],"inLanguage":"en-US"},{"@type":"Organization","@id":"https:\/\/te2.demo.hello-it.eu\/#organization","name":"Deutsche Stiftung f\u00fcr junge Erwachsene mit Krebs","url":"https:\/\/te2.demo.hello-it.eu\/","logo":{"@type":"ImageObject","inLanguage":"en-US","@id":"https:\/\/te2.demo.hello-it.eu\/#\/schema\/logo\/image\/","url":"https:\/\/te2.demo.hello-it.eu\/wp-content\/uploads\/2018\/09\/Logo_DSfjEmK-2018.jpg","contentUrl":"https:\/\/te2.demo.hello-it.eu\/wp-content\/uploads\/2018\/09\/Logo_DSfjEmK-2018.jpg","width":1000,"height":1000,"caption":"Deutsche Stiftung f\u00fcr junge Erwachsene mit Krebs"},"image":{"@id":"https:\/\/te2.demo.hello-it.eu\/#\/schema\/logo\/image\/"}}]}},"_links":{"self":[{"href":"https:\/\/te2.demo.hello-it.eu\/en\/wp-json\/wp\/v2\/pages\/8700","targetHints":{"allow":["GET"]}}],"collection":[{"href":"https:\/\/te2.demo.hello-it.eu\/en\/wp-json\/wp\/v2\/pages"}],"about":[{"href":"https:\/\/te2.demo.hello-it.eu\/en\/wp-json\/wp\/v2\/types\/page"}],"author":[{"embeddable":true,"href":"https:\/\/te2.demo.hello-it.eu\/en\/wp-json\/wp\/v2\/users\/1"}],"replies":[{"embeddable":true,"href":"https:\/\/te2.demo.hello-it.eu\/en\/wp-json\/wp\/v2\/comments?post=8700"}],"version-history":[{"count":8,"href":"https:\/\/te2.demo.hello-it.eu\/en\/wp-json\/wp\/v2\/pages\/8700\/revisions"}],"predecessor-version":[{"id":17727,"href":"https:\/\/te2.demo.hello-it.eu\/en\/wp-json\/wp\/v2\/pages\/8700\/revisions\/17727"}],"up":[{"embeddable":true,"href":"https:\/\/te2.demo.hello-it.eu\/en\/wp-json\/wp\/v2\/pages\/8453"}],"wp:attachment":[{"href":"https:\/\/te2.demo.hello-it.eu\/en\/wp-json\/wp\/v2\/media?parent=8700"}],"curies":[{"name":"wp","href":"https:\/\/api.w.org\/{rel}","templated":true}]}}