{"id":8694,"date":"2019-02-25T14:58:48","date_gmt":"2019-02-25T13:58:48","guid":{"rendered":"https:\/\/junge-erwachsene-mit-krebs.de\/jung-krebs\/erste-hilfe\/2-get-help\/"},"modified":"2021-12-22T10:33:37","modified_gmt":"2021-12-22T09:33:37","slug":"2-get-help","status":"publish","type":"page","link":"https:\/\/te2.demo.hello-it.eu\/en\/youth-cancer\/first-aid\/2-get-help\/","title":{"rendered":"2\/ Get help"},"content":{"rendered":"<section class=\"av_textblock_section \"  itemscope=\"itemscope\" itemtype=\"https:\/\/schema.org\/CreativeWork\" ><div class='avia_textblock  '   itemprop=\"text\" ><h2 style=\"text-align: center;\">2\/ Hole dir Hilfe<br \/>\nDu bist nicht allein<\/h2>\n<\/div><\/section>\n<div class='avia-image-container  av-styling-     avia-align-center '  itemprop=\"ImageObject\" itemscope=\"itemscope\" itemtype=\"https:\/\/schema.org\/ImageObject\"  ><div class='avia-image-container-inner'><div class='avia-image-overlay-wrap'><img class='avia_image ' src='https:\/\/te2.demo.hello-it.eu\/wp-content\/uploads\/2018\/10\/Nadine-Header-1030x464.png' alt='' title='Nadine Header' height=\"464\"width=\"1030\"  itemprop=\"thumbnailUrl\"  \/><\/div><\/div><\/div>\n<section class=\"av_textblock_section \"  itemscope=\"itemscope\" itemtype=\"https:\/\/schema.org\/CreativeWork\" ><div class='avia_textblock  '   itemprop=\"text\" ><p><img loading=\"lazy\" decoding=\"async\" class=\"size-full wp-image-5518 alignleft\" src=\"https:\/\/junge-erwachsene-mit-krebs.de\/wp-content\/uploads\/2018\/10\/Button-Tipp.png\" alt=\"\" width=\"60\" height=\"60\" srcset=\"https:\/\/te2.demo.hello-it.eu\/wp-content\/uploads\/2018\/10\/Button-Tipp.png 60w, https:\/\/te2.demo.hello-it.eu\/wp-content\/uploads\/2018\/10\/Button-Tipp-36x36.png 36w\" sizes=\"auto, (max-width: 60px) 100vw, 60px\" \/>Suche Dir Vertrauenspersonen in Deinem Umfeld, mit denen Du \u00fcber Deine Erkrankung und Deine Gef\u00fchle sprechen kannst. Sie k\u00f6nnen Dich bei Arztbesuchen und anderen Terminen begleiten. Denn: Vier Ohren h\u00f6ren mehr als zwei.<\/p>\n<\/div><\/section>\n<section class=\"av_textblock_section \"  itemscope=\"itemscope\" itemtype=\"https:\/\/schema.org\/CreativeWork\" ><div class='avia_textblock  '   itemprop=\"text\" ><p><img loading=\"lazy\" decoding=\"async\" class=\"size-full wp-image-5518 alignleft\" src=\"https:\/\/junge-erwachsene-mit-krebs.de\/wp-content\/uploads\/2018\/10\/Button-Tipp.png\" alt=\"\" width=\"60\" height=\"60\" srcset=\"https:\/\/te2.demo.hello-it.eu\/wp-content\/uploads\/2018\/10\/Button-Tipp.png 60w, https:\/\/te2.demo.hello-it.eu\/wp-content\/uploads\/2018\/10\/Button-Tipp-36x36.png 36w\" sizes=\"auto, (max-width: 60px) 100vw, 60px\" \/>Du bist jetzt die wichtigste Person. Es besteht kein Zwang, allen Menschen in Deinem Umfeld von der Erkrankung zu erz\u00e4hlen. Entscheide selbst, von wem Du Hilfe m\u00f6chtest und mit wem Du sprechen willst: Partner, Familie, Freunde, \u00c4rzte, Psycho(onko)logen oder andere Patienten.<\/p>\n<\/div><\/section>\n<section class=\"av_textblock_section \"  itemscope=\"itemscope\" itemtype=\"https:\/\/schema.org\/CreativeWork\" ><div class='avia_textblock  '   itemprop=\"text\" ><p><img loading=\"lazy\" decoding=\"async\" class=\"size-full wp-image-5518 alignleft\" src=\"https:\/\/junge-erwachsene-mit-krebs.de\/wp-content\/uploads\/2018\/10\/Button-Tipp.png\" alt=\"\" width=\"60\" height=\"60\" srcset=\"https:\/\/te2.demo.hello-it.eu\/wp-content\/uploads\/2018\/10\/Button-Tipp.png 60w, https:\/\/te2.demo.hello-it.eu\/wp-content\/uploads\/2018\/10\/Button-Tipp-36x36.png 36w\" sizes=\"auto, (max-width: 60px) 100vw, 60px\" \/>Scheue Dich nicht, andere um Hilfe zu bitten. Gib ihnen die Chance, Dir helfen zu k\u00f6nnen. Es wird die Zeit kommen, in der Du ihnen Deine Hilfe anbieten kannst.<\/p>\n<\/div><\/section>\n<div class='avia-video avia-video-16-9   av-lazyload-immediate  av-lazyload-video-embed  '   itemprop=\"video\" itemtype=\"https:\/\/schema.org\/VideoObject\"  data-original_url='https:\/\/www.youtube.com\/watch?list=PL6RimTJ448evqMNJ3APHH7pW6pbwSerjz&v=zPfoQleoASo' ><script type='text\/html' class='av-video-tmpl'><div class='avia-iframe-wrap'><iframe loading=\"lazy\" width=\"1500\" height=\"844\" src=\"https:\/\/www.youtube.com\/embed\/videoseries?list=PL6RimTJ448evqMNJ3APHH7pW6pbwSerjz\" frameborder=\"0\" allow=\"accelerometer; autoplay; encrypted-media; gyroscope; picture-in-picture\" allowfullscreen><\/iframe><\/div><\/script><div class='av-click-to-play-overlay'><div class=\"avia_playpause_icon\"><\/div><\/div><\/div>\n<div  data-autoplay='1'  data-interval='5'  data-animation='fade'  data-hoverpause='1'  class='avia-testimonial-wrapper avia-slider-testimonials avia-slider-1-testimonials avia_animate_when_almost_visible  av-large-testimonial-slider  '>\n<section class ='avia-testimonial-row'><div class='avia-testimonial av_one_full flex_column no_margin avia-testimonial-row-1 avia-first-testimonial'  itemscope=\"itemscope\" itemtype=\"https:\/\/schema.org\/Person\" ><div class='avia-testimonial_inner'><div class='avia-testimonial-content '    itemscope=\"itemscope\" itemtype=\"https:\/\/schema.org\/CreativeWork\" ><p>Ein offenes Gespr\u00e4ch kann Dich entlasten, Deine \u00c4ngste verringern und Klarheit schaffen \u2013 f\u00fcr Dich und auch f\u00fcr die Menschen in Deinem Umfeld.<\/p>\n<\/div><div class='avia-testimonial-meta'><div class='avia-testimonial-arrow-wrap'><div class='avia-arrow'><\/div><\/div><div class='avia-testimonial-image'  itemprop=\"image\"  style='background-image:url(https:\/\/te2.demo.hello-it.eu\/wp-content\/uploads\/2018\/10\/Portr\u00e4t-Zitat-Jessi.png);'><\/div><div class='avia-testimonial-meta-mini'><strong  class='avia-testimonial-name'    itemprop=\"name\" >Jessi<\/strong><span  class='avia-testimonial-subtitle '    itemprop=\"jobTitle\" >30 Jahre, Draftswoman, &lt;\/br&gt;Thyroid Cancer<\/span><\/div><\/div><\/div><\/div>\n<\/section><div class='avia-slideshow-arrows avia-slideshow-controls' ><a href='#prev' class='prev-slide' aria-hidden='true' data-av_icon='\ue87c' data-av_iconfont='entypo-fontello'>Previous<\/a><a href='#next' class='next-slide' aria-hidden='true' data-av_icon='\ue87d' data-av_iconfont='entypo-fontello'>Next<\/a><\/div><\/div>\n<div  data-autoplay='1'  data-interval='5'  data-animation='fade'  data-hoverpause='1'  class='avia-testimonial-wrapper avia-slider-testimonials avia-slider-1-testimonials avia_animate_when_almost_visible  av-large-testimonial-slider  '>\n<section class ='avia-testimonial-row'><div class='avia-testimonial av_one_full flex_column no_margin avia-testimonial-row-1 avia-first-testimonial'  itemscope=\"itemscope\" itemtype=\"https:\/\/schema.org\/Person\" ><div class='avia-testimonial_inner'><div class='avia-testimonial-content '    itemscope=\"itemscope\" itemtype=\"https:\/\/schema.org\/CreativeWork\" ><p>Es kann auch mal Reaktionen geben, die Du Dir nicht so gew\u00fcnscht h\u00e4ttest, oder die sogar verletzend sind. Aber f\u00fcr die Reaktion der anderen kannst Du nichts.<\/p>\n<\/div><div class='avia-testimonial-meta'><div class='avia-testimonial-arrow-wrap'><div class='avia-arrow'><\/div><\/div><div class='avia-testimonial-image'  itemprop=\"image\"  style='background-image:url(https:\/\/te2.demo.hello-it.eu\/wp-content\/uploads\/2018\/10\/Portr\u00e4t-Zitat-Franziska.png);'><\/div><div class='avia-testimonial-meta-mini'><strong  class='avia-testimonial-name'    itemprop=\"name\" >Franziska<\/strong><span  class='avia-testimonial-subtitle '    itemprop=\"jobTitle\" >26 Jahre, Student, &lt;\/br&gt;Hodgkin lymphoma<\/span><\/div><\/div><\/div><\/div>\n<\/section><div class='avia-slideshow-arrows avia-slideshow-controls' ><a href='#prev' class='prev-slide' aria-hidden='true' data-av_icon='\ue87c' data-av_iconfont='entypo-fontello'>Previous<\/a><a href='#next' class='next-slide' aria-hidden='true' data-av_icon='\ue87d' data-av_iconfont='entypo-fontello'>Next<\/a><\/div><\/div>\n<section class=\"av_textblock_section \"  itemscope=\"itemscope\" itemtype=\"https:\/\/schema.org\/CreativeWork\" ><div class='avia_textblock  '   itemprop=\"text\" ><p><strong>Empfehlungen f\u00fcr die Kommunikation mit Deinen Mitmenschen:<\/strong><\/p>\n<ul>\n<li>Ehrlichkeit, Vertrauen und Respekt sind die Grundlage einer jeden Kommunikation.<\/li>\n<li>Mach Dir einen Plan f\u00fcr die Kommunikation mit Deinen Angeh\u00f6rigen und Freunden. Du f\u00fchlst Dich sicherer und kannst Dich besser auf das Gespr\u00e4ch einlassen.<\/li>\n<li>Du kannst das direkte Gespr\u00e4ch mit ihnen suchen. Richte Ort, Zeit und Inhalt der Gespr\u00e4che nach Deinen Bed\u00fcrfnissen aus. Es empfiehlt sich die Punkte aufzuschreiben, die Du ansprechen m\u00f6chtest.<\/li>\n<li>Manchmal f\u00fchlst Du Dich vielleicht auch wohler Deine Situationen \u00fcber eine schriftliche Nachricht mitzuteilen.<\/li>\n<\/ul>\n<p>Es besteht keine Notwendigkeit, Deinen Arbeitgeber oder Ausbilder, Deine Schule oder Hochschule \u00fcber Deine Erkrankung zu informieren.<\/p>\n<p>Achte aber stets darauf, die aktuelle Krankschreibung einzureichen. Den Grund daf\u00fcr musst Du nicht angeben. Du kannst Dich zu einem sp\u00e4teren Zeitpunkt entscheiden, ob Du dar\u00fcber sprechen m\u00f6chtest.<\/p>\n<\/div><\/section>\n<div class='avia-icon-list-container   '><ul class='avia-icon-list avia-icon-list-left av-iconlist-big avia_animate_when_almost_visible'>\n<li><a href='https:\/\/www.youtube.com\/channel\/UCn3xyh5bRn6N3tEq8guwHKw\/playlists?sort=dd&amp;view=50&amp;shelf_id=4' title='Click here to see all the video messages'  target=\"_blank\"   class='iconlist_icon  avia-font-fontello'><span class='iconlist-char ' aria-hidden='true' data-av_icon='\ue805' data-av_iconfont='fontello'><\/span><\/a><article class=\"article-icon-entry av-iconlist-empty\"  itemscope=\"itemscope\" itemtype=\"https:\/\/schema.org\/CreativeWork\" ><div class='iconlist_content_wrap'><header class=\"entry-content-header\"><h4 class='av_iconlist_title iconlist_title  '  itemprop=\"headline\"  ><a href='https:\/\/www.youtube.com\/channel\/UCn3xyh5bRn6N3tEq8guwHKw\/playlists?sort=dd&amp;view=50&amp;shelf_id=4' title='Click here to see all the video messages' target=\"_blank\" >Click here to see all the video messages<\/a><\/h4><\/header><div class='iconlist_content  '  itemprop=\"text\"  ><\/div><\/div><footer class=\"entry-footer\"><\/footer><\/article><div class='iconlist-timeline'><\/div><\/li>\n<\/ul><\/div>\n<div class='avia-icon-list-container   '><ul class='avia-icon-list avia-icon-list-left av-iconlist-big avia_animate_when_almost_visible'>\n<li><a href='https:\/\/junge-erwachsene-mit-krebs.de\/wp-content\/uploads\/2018\/09\/Jung-und-Krebs-Erste-Hilfe-Flyer.pdf' title='Flyer &quot;Youth &amp; Cancer \u2013 First Aid \u2013 Tips from affected people&quot; '  target=\"_blank\"   class='iconlist_icon  avia-font-entypo-fontello'><span class='iconlist-char ' aria-hidden='true' data-av_icon='\ue82d' data-av_iconfont='entypo-fontello'><\/span><\/a><article class=\"article-icon-entry \"  itemscope=\"itemscope\" itemtype=\"https:\/\/schema.org\/CreativeWork\" ><div class='iconlist_content_wrap'><header class=\"entry-content-header\"><h4 class='av_iconlist_title iconlist_title  '  itemprop=\"headline\"  ><a href='https:\/\/junge-erwachsene-mit-krebs.de\/wp-content\/uploads\/2018\/09\/Jung-und-Krebs-Erste-Hilfe-Flyer.pdf' title='Flyer &quot;Youth &amp; Cancer \u2013 First Aid \u2013 Tips from affected people&quot; ' target=\"_blank\" >Flyer &quot;Youth &amp; Cancer \u2013 First Aid \u2013 Tips from affected people&quot; <\/a><\/h4><\/header><div class='iconlist_content  '  itemprop=\"text\"  ><p>PDF, 379kb<\/p>\n<\/div><\/div><footer class=\"entry-footer\"><\/footer><\/article><div class='iconlist-timeline'><\/div><\/li>\n<li><a href='mailto:info@junge-erwachsene-mit-krebs.de' title='Order the &quot;Youth &amp; Cancer \u2013 First Aid \u2013 Tips from affected people&quot; flyer by mail'  target=\"_blank\"   class='iconlist_icon  avia-font-entypo-fontello'><span class='iconlist-char ' aria-hidden='true' data-av_icon='\ue805' data-av_iconfont='entypo-fontello'><\/span><\/a><article class=\"article-icon-entry av-iconlist-empty\"  itemscope=\"itemscope\" itemtype=\"https:\/\/schema.org\/CreativeWork\" ><div class='iconlist_content_wrap'><header class=\"entry-content-header\"><h4 class='av_iconlist_title iconlist_title  '  itemprop=\"headline\"  ><a href='mailto:info@junge-erwachsene-mit-krebs.de' title='Order the &quot;Youth &amp; Cancer \u2013 First Aid \u2013 Tips from affected people&quot; flyer by mail' target=\"_blank\" >Order the &quot;Youth &amp; Cancer \u2013 First Aid \u2013 Tips from affected people&quot; flyer by mail<\/a><\/h4><\/header><div class='iconlist_content  '  itemprop=\"text\"  ><\/div><\/div><footer class=\"entry-footer\"><\/footer><\/article><div class='iconlist-timeline'><\/div><\/li>\n<\/ul><\/div>\n<\/div><\/div><\/div><!-- close content main div --><\/div><\/div><div id='av_section_1' class='avia-section main_color avia-section-default avia-no-border-styling avia-bg-style-scroll  contact_header_area  container_wrap fullsize' style = 'background-image: '  ><div class='container' ><div class='template-page content  av-content-full alpha units'><div class='post-entry post-entry-type-page post-entry-8694'><div class='entry-content-wrapper clearfix'>\n<section class=\"av_textblock_section \"  itemscope=\"itemscope\" itemtype=\"https:\/\/schema.org\/CreativeWork\" ><div class='avia_textblock  '   itemprop=\"text\" ><p>Ansprechpartnerin<\/p>\n<p><img loading=\"lazy\" decoding=\"async\" class=\"alignnone wp-image-14640 size-thumbnail\" src=\"https:\/\/junge-erwachsene-mit-krebs.de\/wp-content\/uploads\/2020\/08\/Kristina-Portr\u00e4tbild-2020-scaled-e1597308400989-80x80.jpg\" alt=\"\" width=\"80\" height=\"80\" srcset=\"https:\/\/te2.demo.hello-it.eu\/wp-content\/uploads\/2020\/08\/Kristina-Portr\u00e4tbild-2020-scaled-e1597308400989-80x80.jpg 80w, https:\/\/te2.demo.hello-it.eu\/wp-content\/uploads\/2020\/08\/Kristina-Portr\u00e4tbild-2020-scaled-e1597308400989-300x300.jpg 300w, https:\/\/te2.demo.hello-it.eu\/wp-content\/uploads\/2020\/08\/Kristina-Portr\u00e4tbild-2020-scaled-e1597308400989-1030x1030.jpg 1030w, https:\/\/te2.demo.hello-it.eu\/wp-content\/uploads\/2020\/08\/Kristina-Portr\u00e4tbild-2020-scaled-e1597308400989-768x768.jpg 768w, https:\/\/te2.demo.hello-it.eu\/wp-content\/uploads\/2020\/08\/Kristina-Portr\u00e4tbild-2020-scaled-e1597308400989-36x36.jpg 36w, https:\/\/te2.demo.hello-it.eu\/wp-content\/uploads\/2020\/08\/Kristina-Portr\u00e4tbild-2020-scaled-e1597308400989-180x180.jpg 180w, https:\/\/te2.demo.hello-it.eu\/wp-content\/uploads\/2020\/08\/Kristina-Portr\u00e4tbild-2020-scaled-e1597308400989-705x705.jpg 705w, https:\/\/te2.demo.hello-it.eu\/wp-content\/uploads\/2020\/08\/Kristina-Portr\u00e4tbild-2020-scaled-e1597308400989-120x120.jpg 120w, https:\/\/te2.demo.hello-it.eu\/wp-content\/uploads\/2020\/08\/Kristina-Portr\u00e4tbild-2020-scaled-e1597308400989-450x450.jpg 450w, https:\/\/te2.demo.hello-it.eu\/wp-content\/uploads\/2020\/08\/Kristina-Portr\u00e4tbild-2020-scaled-e1597308400989.jpg 1107w\" sizes=\"auto, (max-width: 80px) 100vw, 80px\" \/>Kristina Lehmann<\/p>\n<p>T: 030 28 09 30 56 0<\/p>\n<p><a href=\"mailto:k.lehmann@junge-erwachsene-mit-krebs.de\">E-Mail schreiben<\/a><\/p>\n<\/div><\/section>\n<\/div><\/div><\/div><!-- close content main div --><\/div><\/div><div id='av_section_2' class='avia-section main_color avia-section-default avia-no-border-styling avia-bg-style-scroll    container_wrap fullsize' style = 'background-color: #fafafa; background-image: '  ><div class='container' ><div class='template-page content  av-content-full alpha units'><div class='post-entry post-entry-type-page post-entry-8694'><div class='entry-content-wrapper clearfix'>\n<div class=\"flex_column av_one_half  flex_column_div av-zero-column-padding first  \" style='border-radius:0px; '><article class=\"iconbox iconbox_top main_color    no_symbol \"  itemscope=\"itemscope\" itemtype=\"https:\/\/schema.org\/CreativeWork\" ><div class=\"iconbox_content\"><header class=\"entry-content-header\"><div class=\"iconbox_icon heading-color \" aria-hidden='true' data-av_icon='\ue854' data-av_iconfont='entypo-fontello'  ><\/div><h3 class='iconbox_content_title '  itemprop=\"headline\"  ><a href='https:\/\/www.junges-krebsportal.de\/' title='YOUNG CANCER PORTAL'  target=\"_blank\"  >YOUNG CANCER PORTAL<\/a><\/h3><\/header><div class='iconbox_content_container  '  itemprop=\"text\"  ><p>Umfassende Informationen, individuelle und kompetente Beratung durch Experten und Online-Sprechstunden f\u00fcr junge Krebspatienten.<\/p>\n<p><a href=\"https:\/\/www.junges-krebsportal.de\/\" target=\"_blank\" rel=\"noopener\">MEHR ERFAHREN<\/a><\/p>\n<\/div><\/div><footer class=\"entry-footer\"><\/footer><\/article><\/div><div class=\"flex_column av_one_half  flex_column_div av-zero-column-padding   \" style='border-radius:0px; '><article class=\"iconbox iconbox_top main_color    no_symbol \"  itemscope=\"itemscope\" itemtype=\"https:\/\/schema.org\/CreativeWork\" ><div class=\"iconbox_content\"><header class=\"entry-content-header\"><div class=\"iconbox_icon heading-color \" aria-hidden='true' data-av_icon='\ue854' data-av_iconfont='entypo-fontello'  ><\/div><h3 class='iconbox_content_title '  itemprop=\"headline\"  ><a href='https:\/\/junge-erwachsene-mit-krebs.de\/jung-und-krebs\/angebote-in-deiner-naehe\/' title='MEETING POINTS'  >MEETING POINTS<\/a><\/h3><\/header><div class='iconbox_content_container  '  itemprop=\"text\"  ><p>Hier gibt es eine \u00dcbersichtskarte mit speziellen regionalen und bundesweiten Angeboten f\u00fcr junge Erwachsene mit Krebs.<\/p>\n<p><a href=\"https:\/\/junge-erwachsene-mit-krebs.de\/jung-und-krebs\/angebote-in-deiner-naehe\/\" rel=\"noopener\">MEHR ERFAHREN<\/a><\/p>\n<\/div><\/div><footer class=\"entry-footer\"><\/footer><\/article><\/div>\n<\/p>\n","protected":false},"excerpt":{"rendered":"","protected":false},"author":1,"featured_media":0,"parent":8453,"menu_order":1,"comment_status":"closed","ping_status":"closed","template":"","meta":{"_acf_changed":false,"footnotes":""},"class_list":["post-8694","page","type-page","status-publish","hentry"],"acf":[],"yoast_head":"<!-- This site is optimized with the Yoast SEO Premium plugin v18.2.1 (Yoast SEO v24.6) - https:\/\/yoast.com\/wordpress\/plugins\/seo\/ -->\n<title>2\/ Get help - DSFJEMK<\/title>\n<meta name=\"robots\" content=\"noindex, follow, max-snippet:-1, max-image-preview:large, max-video-preview:-1\" \/>\n<meta property=\"og:locale\" content=\"en_US\" \/>\n<meta property=\"og:type\" content=\"article\" \/>\n<meta property=\"og:title\" content=\"2\/ Get help\" \/>\n<meta property=\"og:url\" content=\"https:\/\/te2.demo.hello-it.eu\/en\/youth-cancer\/first-aid\/2-get-help\/\" \/>\n<meta property=\"og:site_name\" content=\"DSFJEMK\" \/>\n<meta property=\"article:modified_time\" content=\"2021-12-22T09:33:37+00:00\" \/>\n<meta property=\"og:image\" content=\"https:\/\/junge-erwachsene-mit-krebs.de\/wp-content\/uploads\/2018\/10\/Button-Tipp.png\" \/>\n<meta name=\"twitter:card\" content=\"summary_large_image\" \/>\n<meta name=\"twitter:label1\" content=\"Est. reading time\" \/>\n\t<meta name=\"twitter:data1\" content=\"8 minutes\" \/>\n<script type=\"application\/ld+json\" class=\"yoast-schema-graph\">{\"@context\":\"https:\/\/schema.org\",\"@graph\":[{\"@type\":\"WebPage\",\"@id\":\"https:\/\/te2.demo.hello-it.eu\/en\/youth-cancer\/first-aid\/2-get-help\/\",\"url\":\"https:\/\/te2.demo.hello-it.eu\/en\/youth-cancer\/first-aid\/2-get-help\/\",\"name\":\"2\/ Get help - DSFJEMK\",\"isPartOf\":{\"@id\":\"https:\/\/te2.demo.hello-it.eu\/#website\"},\"primaryImageOfPage\":{\"@id\":\"https:\/\/te2.demo.hello-it.eu\/en\/youth-cancer\/first-aid\/2-get-help\/#primaryimage\"},\"image\":{\"@id\":\"https:\/\/te2.demo.hello-it.eu\/en\/youth-cancer\/first-aid\/2-get-help\/#primaryimage\"},\"thumbnailUrl\":\"https:\/\/junge-erwachsene-mit-krebs.de\/wp-content\/uploads\/2018\/10\/Button-Tipp.png\",\"datePublished\":\"2019-02-25T13:58:48+00:00\",\"dateModified\":\"2021-12-22T09:33:37+00:00\",\"breadcrumb\":{\"@id\":\"https:\/\/te2.demo.hello-it.eu\/en\/youth-cancer\/first-aid\/2-get-help\/#breadcrumb\"},\"inLanguage\":\"en-US\",\"potentialAction\":[{\"@type\":\"ReadAction\",\"target\":[\"https:\/\/te2.demo.hello-it.eu\/en\/youth-cancer\/first-aid\/2-get-help\/\"]}]},{\"@type\":\"ImageObject\",\"inLanguage\":\"en-US\",\"@id\":\"https:\/\/te2.demo.hello-it.eu\/en\/youth-cancer\/first-aid\/2-get-help\/#primaryimage\",\"url\":\"https:\/\/junge-erwachsene-mit-krebs.de\/wp-content\/uploads\/2018\/10\/Button-Tipp.png\",\"contentUrl\":\"https:\/\/junge-erwachsene-mit-krebs.de\/wp-content\/uploads\/2018\/10\/Button-Tipp.png\"},{\"@type\":\"BreadcrumbList\",\"@id\":\"https:\/\/te2.demo.hello-it.eu\/en\/youth-cancer\/first-aid\/2-get-help\/#breadcrumb\",\"itemListElement\":[{\"@type\":\"ListItem\",\"position\":1,\"name\":\"Startseite\",\"item\":\"https:\/\/te2.demo.hello-it.eu\/en\/\"},{\"@type\":\"ListItem\",\"position\":2,\"name\":\"Youth &#038; Cancer\",\"item\":\"https:\/\/te2.demo.hello-it.eu\/en\/youth-cancer\/\"},{\"@type\":\"ListItem\",\"position\":3,\"name\":\"First Aid\",\"item\":\"https:\/\/te2.demo.hello-it.eu\/en\/youth-cancer\/first-aid\/\"},{\"@type\":\"ListItem\",\"position\":4,\"name\":\"2\/ Get help\"}]},{\"@type\":\"WebSite\",\"@id\":\"https:\/\/te2.demo.hello-it.eu\/#website\",\"url\":\"https:\/\/te2.demo.hello-it.eu\/\",\"name\":\"DSFJEMK\",\"description\":\"Deutsche Stiftung f\u00fcr junge Erwachsene mit Krebs\",\"publisher\":{\"@id\":\"https:\/\/te2.demo.hello-it.eu\/#organization\"},\"potentialAction\":[{\"@type\":\"SearchAction\",\"target\":{\"@type\":\"EntryPoint\",\"urlTemplate\":\"https:\/\/te2.demo.hello-it.eu\/?s={search_term_string}\"},\"query-input\":{\"@type\":\"PropertyValueSpecification\",\"valueRequired\":true,\"valueName\":\"search_term_string\"}}],\"inLanguage\":\"en-US\"},{\"@type\":\"Organization\",\"@id\":\"https:\/\/te2.demo.hello-it.eu\/#organization\",\"name\":\"Deutsche Stiftung f\u00fcr junge Erwachsene mit Krebs\",\"url\":\"https:\/\/te2.demo.hello-it.eu\/\",\"logo\":{\"@type\":\"ImageObject\",\"inLanguage\":\"en-US\",\"@id\":\"https:\/\/te2.demo.hello-it.eu\/#\/schema\/logo\/image\/\",\"url\":\"https:\/\/te2.demo.hello-it.eu\/wp-content\/uploads\/2018\/09\/Logo_DSfjEmK-2018.jpg\",\"contentUrl\":\"https:\/\/te2.demo.hello-it.eu\/wp-content\/uploads\/2018\/09\/Logo_DSfjEmK-2018.jpg\",\"width\":1000,\"height\":1000,\"caption\":\"Deutsche Stiftung f\u00fcr junge Erwachsene mit Krebs\"},\"image\":{\"@id\":\"https:\/\/te2.demo.hello-it.eu\/#\/schema\/logo\/image\/\"}}]}<\/script>\n<!-- \/ Yoast SEO Premium plugin. -->","yoast_head_json":{"title":"2\/ Get help - DSFJEMK","robots":{"index":"noindex","follow":"follow","max-snippet":"max-snippet:-1","max-image-preview":"max-image-preview:large","max-video-preview":"max-video-preview:-1"},"og_locale":"en_US","og_type":"article","og_title":"2\/ Get help","og_url":"https:\/\/te2.demo.hello-it.eu\/en\/youth-cancer\/first-aid\/2-get-help\/","og_site_name":"DSFJEMK","article_modified_time":"2021-12-22T09:33:37+00:00","og_image":[{"url":"https:\/\/junge-erwachsene-mit-krebs.de\/wp-content\/uploads\/2018\/10\/Button-Tipp.png","type":"","width":"","height":""}],"twitter_card":"summary_large_image","twitter_misc":{"Est. reading time":"8 minutes"},"schema":{"@context":"https:\/\/schema.org","@graph":[{"@type":"WebPage","@id":"https:\/\/te2.demo.hello-it.eu\/en\/youth-cancer\/first-aid\/2-get-help\/","url":"https:\/\/te2.demo.hello-it.eu\/en\/youth-cancer\/first-aid\/2-get-help\/","name":"2\/ Get help - DSFJEMK","isPartOf":{"@id":"https:\/\/te2.demo.hello-it.eu\/#website"},"primaryImageOfPage":{"@id":"https:\/\/te2.demo.hello-it.eu\/en\/youth-cancer\/first-aid\/2-get-help\/#primaryimage"},"image":{"@id":"https:\/\/te2.demo.hello-it.eu\/en\/youth-cancer\/first-aid\/2-get-help\/#primaryimage"},"thumbnailUrl":"https:\/\/junge-erwachsene-mit-krebs.de\/wp-content\/uploads\/2018\/10\/Button-Tipp.png","datePublished":"2019-02-25T13:58:48+00:00","dateModified":"2021-12-22T09:33:37+00:00","breadcrumb":{"@id":"https:\/\/te2.demo.hello-it.eu\/en\/youth-cancer\/first-aid\/2-get-help\/#breadcrumb"},"inLanguage":"en-US","potentialAction":[{"@type":"ReadAction","target":["https:\/\/te2.demo.hello-it.eu\/en\/youth-cancer\/first-aid\/2-get-help\/"]}]},{"@type":"ImageObject","inLanguage":"en-US","@id":"https:\/\/te2.demo.hello-it.eu\/en\/youth-cancer\/first-aid\/2-get-help\/#primaryimage","url":"https:\/\/junge-erwachsene-mit-krebs.de\/wp-content\/uploads\/2018\/10\/Button-Tipp.png","contentUrl":"https:\/\/junge-erwachsene-mit-krebs.de\/wp-content\/uploads\/2018\/10\/Button-Tipp.png"},{"@type":"BreadcrumbList","@id":"https:\/\/te2.demo.hello-it.eu\/en\/youth-cancer\/first-aid\/2-get-help\/#breadcrumb","itemListElement":[{"@type":"ListItem","position":1,"name":"Startseite","item":"https:\/\/te2.demo.hello-it.eu\/en\/"},{"@type":"ListItem","position":2,"name":"Youth &#038; Cancer","item":"https:\/\/te2.demo.hello-it.eu\/en\/youth-cancer\/"},{"@type":"ListItem","position":3,"name":"First Aid","item":"https:\/\/te2.demo.hello-it.eu\/en\/youth-cancer\/first-aid\/"},{"@type":"ListItem","position":4,"name":"2\/ Get help"}]},{"@type":"WebSite","@id":"https:\/\/te2.demo.hello-it.eu\/#website","url":"https:\/\/te2.demo.hello-it.eu\/","name":"DSFJEMK","description":"Deutsche Stiftung f\u00fcr junge Erwachsene mit Krebs","publisher":{"@id":"https:\/\/te2.demo.hello-it.eu\/#organization"},"potentialAction":[{"@type":"SearchAction","target":{"@type":"EntryPoint","urlTemplate":"https:\/\/te2.demo.hello-it.eu\/?s={search_term_string}"},"query-input":{"@type":"PropertyValueSpecification","valueRequired":true,"valueName":"search_term_string"}}],"inLanguage":"en-US"},{"@type":"Organization","@id":"https:\/\/te2.demo.hello-it.eu\/#organization","name":"Deutsche Stiftung f\u00fcr junge Erwachsene mit Krebs","url":"https:\/\/te2.demo.hello-it.eu\/","logo":{"@type":"ImageObject","inLanguage":"en-US","@id":"https:\/\/te2.demo.hello-it.eu\/#\/schema\/logo\/image\/","url":"https:\/\/te2.demo.hello-it.eu\/wp-content\/uploads\/2018\/09\/Logo_DSfjEmK-2018.jpg","contentUrl":"https:\/\/te2.demo.hello-it.eu\/wp-content\/uploads\/2018\/09\/Logo_DSfjEmK-2018.jpg","width":1000,"height":1000,"caption":"Deutsche Stiftung f\u00fcr junge Erwachsene mit Krebs"},"image":{"@id":"https:\/\/te2.demo.hello-it.eu\/#\/schema\/logo\/image\/"}}]}},"_links":{"self":[{"href":"https:\/\/te2.demo.hello-it.eu\/en\/wp-json\/wp\/v2\/pages\/8694","targetHints":{"allow":["GET"]}}],"collection":[{"href":"https:\/\/te2.demo.hello-it.eu\/en\/wp-json\/wp\/v2\/pages"}],"about":[{"href":"https:\/\/te2.demo.hello-it.eu\/en\/wp-json\/wp\/v2\/types\/page"}],"author":[{"embeddable":true,"href":"https:\/\/te2.demo.hello-it.eu\/en\/wp-json\/wp\/v2\/users\/1"}],"replies":[{"embeddable":true,"href":"https:\/\/te2.demo.hello-it.eu\/en\/wp-json\/wp\/v2\/comments?post=8694"}],"version-history":[{"count":11,"href":"https:\/\/te2.demo.hello-it.eu\/en\/wp-json\/wp\/v2\/pages\/8694\/revisions"}],"predecessor-version":[{"id":17723,"href":"https:\/\/te2.demo.hello-it.eu\/en\/wp-json\/wp\/v2\/pages\/8694\/revisions\/17723"}],"up":[{"embeddable":true,"href":"https:\/\/te2.demo.hello-it.eu\/en\/wp-json\/wp\/v2\/pages\/8453"}],"wp:attachment":[{"href":"https:\/\/te2.demo.hello-it.eu\/en\/wp-json\/wp\/v2\/media?parent=8694"}],"curies":[{"name":"wp","href":"https:\/\/api.w.org\/{rel}","templated":true}]}}